{"id":835,"date":"2021-09-13T09:05:10","date_gmt":"2021-09-13T07:05:10","guid":{"rendered":"https:\/\/edsunloisirs.com\/?page_id=835"},"modified":"2024-01-31T14:27:02","modified_gmt":"2024-01-31T13:27:02","slug":"produit","status":"publish","type":"page","link":"https:\/\/edsunloisirs.com\/fr\/produit\/","title":{"rendered":"Nos produits"},"content":{"rendered":"\n<p class=\"has-text-align-center\">Camping, parc aquatique ou de loisirs, collectivit\u00e9\u2026 Nous avons certainement le jeu aquatique ou de plein air, la solution qui va r\u00e9pondre \u00e0 vos attentes et combler de joie vos visiteurs petits et grands.<\/p>\n","protected":false},"excerpt":{"rendered":"<p>Camping, parc aquatique ou de loisirs, collectivit\u00e9\u2026 Nous avons certainement le jeu aquatique ou de plein air, la solution qui va r\u00e9pondre \u00e0 vos attentes et combler de joie vos visiteurs petits et grands.<\/p>\n","protected":false},"author":1,"featured_media":0,"parent":0,"menu_order":0,"comment_status":"closed","ping_status":"closed","template":"","meta":{"_acf_changed":false,"inline_featured_image":false,"footnotes":""},"class_list":["post-835","page","type-page","status-publish","hentry"],"acf":[],"yoast_head":"<!-- This site is optimized with the Yoast SEO plugin v27.4 - https:\/\/yoast.com\/product\/yoast-seo-wordpress\/ -->\n<title>EDSUN - Fournisseur de jeux aquatiques et de plein air<\/title>\n<meta name=\"description\" content=\"EDSUN - Fournisseur et sp\u00e9cialiste fran\u00e7ais des jeux aquatiques et de plein air pour camping parcs collectivit\u00e9s\" \/>\n<meta name=\"robots\" content=\"index, follow, max-snippet:-1, max-image-preview:large, max-video-preview:-1\" \/>\n<link rel=\"canonical\" href=\"https:\/\/edsunloisirs.com\/fr\/produit\/\" \/>\n<meta property=\"og:locale\" content=\"fr_FR\" \/>\n<meta property=\"og:type\" content=\"article\" \/>\n<meta property=\"og:title\" content=\"EDSUN - Fournisseur de jeux aquatiques et de plein air\" \/>\n<meta property=\"og:description\" content=\"EDSUN - Fournisseur et sp\u00e9cialiste fran\u00e7ais des jeux aquatiques et de plein air pour camping parcs collectivit\u00e9s\" \/>\n<meta property=\"og:url\" content=\"https:\/\/edsunloisirs.com\/fr\/produit\/\" \/>\n<meta property=\"og:site_name\" content=\"Edsun : sp\u00e9cialiste toboggans\" \/>\n<meta property=\"article:publisher\" content=\"https:\/\/www.facebook.com\/edsunloisirs\/about\/?ref=page_internal\" \/>\n<meta property=\"article:modified_time\" content=\"2024-01-31T13:27:02+00:00\" \/>\n<meta name=\"twitter:card\" content=\"summary_large_image\" \/>\n<meta name=\"twitter:label1\" content=\"Dur\u00e9e de lecture estim\u00e9e\" \/>\n\t<meta name=\"twitter:data1\" content=\"1 minute\" \/>\n<script type=\"application\/ld+json\" class=\"yoast-schema-graph\">{\"@context\":\"https:\\\/\\\/schema.org\",\"@graph\":[{\"@type\":\"WebPage\",\"@id\":\"https:\\\/\\\/edsunloisirs.com\\\/fr\\\/produit\\\/\",\"url\":\"https:\\\/\\\/edsunloisirs.com\\\/fr\\\/produit\\\/\",\"name\":\"EDSUN - Fournisseur de jeux aquatiques et de plein air\",\"isPartOf\":{\"@id\":\"https:\\\/\\\/edsunloisirs.com\\\/fr\\\/#website\"},\"datePublished\":\"2021-09-13T07:05:10+00:00\",\"dateModified\":\"2024-01-31T13:27:02+00:00\",\"description\":\"EDSUN - Fournisseur et sp\u00e9cialiste fran\u00e7ais des jeux aquatiques et de plein air pour camping parcs collectivit\u00e9s\",\"breadcrumb\":{\"@id\":\"https:\\\/\\\/edsunloisirs.com\\\/fr\\\/produit\\\/#breadcrumb\"},\"inLanguage\":\"fr-FR\",\"potentialAction\":[{\"@type\":\"ReadAction\",\"target\":[\"https:\\\/\\\/edsunloisirs.com\\\/fr\\\/produit\\\/\"]}]},{\"@type\":\"BreadcrumbList\",\"@id\":\"https:\\\/\\\/edsunloisirs.com\\\/fr\\\/produit\\\/#breadcrumb\",\"itemListElement\":[{\"@type\":\"ListItem\",\"position\":1,\"name\":\"Accueil\",\"item\":\"https:\\\/\\\/edsunloisirs.com\\\/fr\\\/\"},{\"@type\":\"ListItem\",\"position\":2,\"name\":\"Nos produits\"}]},{\"@type\":\"WebSite\",\"@id\":\"https:\\\/\\\/edsunloisirs.com\\\/fr\\\/#website\",\"url\":\"https:\\\/\\\/edsunloisirs.com\\\/fr\\\/\",\"name\":\"Edsun : sp\u00e9cialiste toboggans\",\"description\":\"have fun\",\"publisher\":{\"@id\":\"https:\\\/\\\/edsunloisirs.com\\\/fr\\\/#organization\"},\"potentialAction\":[{\"@type\":\"SearchAction\",\"target\":{\"@type\":\"EntryPoint\",\"urlTemplate\":\"https:\\\/\\\/edsunloisirs.com\\\/fr\\\/?s={search_term_string}\"},\"query-input\":{\"@type\":\"PropertyValueSpecification\",\"valueRequired\":true,\"valueName\":\"search_term_string\"}}],\"inLanguage\":\"fr-FR\"},{\"@type\":\"Organization\",\"@id\":\"https:\\\/\\\/edsunloisirs.com\\\/fr\\\/#organization\",\"name\":\"Edsun\",\"url\":\"https:\\\/\\\/edsunloisirs.com\\\/fr\\\/\",\"logo\":{\"@type\":\"ImageObject\",\"inLanguage\":\"fr-FR\",\"@id\":\"https:\\\/\\\/edsunloisirs.com\\\/fr\\\/#\\\/schema\\\/logo\\\/image\\\/\",\"url\":\"https:\\\/\\\/edsunloisirs.com\\\/wp-content\\\/uploads\\\/edsun_blue.svg\",\"contentUrl\":\"https:\\\/\\\/edsunloisirs.com\\\/wp-content\\\/uploads\\\/edsun_blue.svg\",\"width\":185,\"height\":42,\"caption\":\"Edsun\"},\"image\":{\"@id\":\"https:\\\/\\\/edsunloisirs.com\\\/fr\\\/#\\\/schema\\\/logo\\\/image\\\/\"},\"sameAs\":[\"https:\\\/\\\/www.facebook.com\\\/edsunloisirs\\\/about\\\/?ref=page_internal\",\"https:\\\/\\\/www.instagram.com\\\/edsunloisirs\\\/\",\"https:\\\/\\\/www.linkedin.com\\\/company\\\/edsun-loisirs\"]}]}<\/script>\n<!-- \/ Yoast SEO plugin. -->","yoast_head_json":{"title":"EDSUN - Fournisseur de jeux aquatiques et de plein air","description":"EDSUN - Fournisseur et sp\u00e9cialiste fran\u00e7ais des jeux aquatiques et de plein air pour camping parcs collectivit\u00e9s","robots":{"index":"index","follow":"follow","max-snippet":"max-snippet:-1","max-image-preview":"max-image-preview:large","max-video-preview":"max-video-preview:-1"},"canonical":"https:\/\/edsunloisirs.com\/fr\/produit\/","og_locale":"fr_FR","og_type":"article","og_title":"EDSUN - Fournisseur de jeux aquatiques et de plein air","og_description":"EDSUN - Fournisseur et sp\u00e9cialiste fran\u00e7ais des jeux aquatiques et de plein air pour camping parcs collectivit\u00e9s","og_url":"https:\/\/edsunloisirs.com\/fr\/produit\/","og_site_name":"Edsun : sp\u00e9cialiste toboggans","article_publisher":"https:\/\/www.facebook.com\/edsunloisirs\/about\/?ref=page_internal","article_modified_time":"2024-01-31T13:27:02+00:00","twitter_card":"summary_large_image","twitter_misc":{"Dur\u00e9e de lecture estim\u00e9e":"1 minute"},"schema":{"@context":"https:\/\/schema.org","@graph":[{"@type":"WebPage","@id":"https:\/\/edsunloisirs.com\/fr\/produit\/","url":"https:\/\/edsunloisirs.com\/fr\/produit\/","name":"EDSUN - Fournisseur de jeux aquatiques et de plein air","isPartOf":{"@id":"https:\/\/edsunloisirs.com\/fr\/#website"},"datePublished":"2021-09-13T07:05:10+00:00","dateModified":"2024-01-31T13:27:02+00:00","description":"EDSUN - Fournisseur et sp\u00e9cialiste fran\u00e7ais des jeux aquatiques et de plein air pour camping parcs collectivit\u00e9s","breadcrumb":{"@id":"https:\/\/edsunloisirs.com\/fr\/produit\/#breadcrumb"},"inLanguage":"fr-FR","potentialAction":[{"@type":"ReadAction","target":["https:\/\/edsunloisirs.com\/fr\/produit\/"]}]},{"@type":"BreadcrumbList","@id":"https:\/\/edsunloisirs.com\/fr\/produit\/#breadcrumb","itemListElement":[{"@type":"ListItem","position":1,"name":"Accueil","item":"https:\/\/edsunloisirs.com\/fr\/"},{"@type":"ListItem","position":2,"name":"Nos produits"}]},{"@type":"WebSite","@id":"https:\/\/edsunloisirs.com\/fr\/#website","url":"https:\/\/edsunloisirs.com\/fr\/","name":"Edsun : sp\u00e9cialiste toboggans","description":"have fun","publisher":{"@id":"https:\/\/edsunloisirs.com\/fr\/#organization"},"potentialAction":[{"@type":"SearchAction","target":{"@type":"EntryPoint","urlTemplate":"https:\/\/edsunloisirs.com\/fr\/?s={search_term_string}"},"query-input":{"@type":"PropertyValueSpecification","valueRequired":true,"valueName":"search_term_string"}}],"inLanguage":"fr-FR"},{"@type":"Organization","@id":"https:\/\/edsunloisirs.com\/fr\/#organization","name":"Edsun","url":"https:\/\/edsunloisirs.com\/fr\/","logo":{"@type":"ImageObject","inLanguage":"fr-FR","@id":"https:\/\/edsunloisirs.com\/fr\/#\/schema\/logo\/image\/","url":"https:\/\/edsunloisirs.com\/wp-content\/uploads\/edsun_blue.svg","contentUrl":"https:\/\/edsunloisirs.com\/wp-content\/uploads\/edsun_blue.svg","width":185,"height":42,"caption":"Edsun"},"image":{"@id":"https:\/\/edsunloisirs.com\/fr\/#\/schema\/logo\/image\/"},"sameAs":["https:\/\/www.facebook.com\/edsunloisirs\/about\/?ref=page_internal","https:\/\/www.instagram.com\/edsunloisirs\/","https:\/\/www.linkedin.com\/company\/edsun-loisirs"]}]}},"_links":{"self":[{"href":"https:\/\/edsunloisirs.com\/fr\/wp-json\/wp\/v2\/pages\/835","targetHints":{"allow":["GET"]}}],"collection":[{"href":"https:\/\/edsunloisirs.com\/fr\/wp-json\/wp\/v2\/pages"}],"about":[{"href":"https:\/\/edsunloisirs.com\/fr\/wp-json\/wp\/v2\/types\/page"}],"author":[{"embeddable":true,"href":"https:\/\/edsunloisirs.com\/fr\/wp-json\/wp\/v2\/users\/1"}],"replies":[{"embeddable":true,"href":"https:\/\/edsunloisirs.com\/fr\/wp-json\/wp\/v2\/comments?post=835"}],"version-history":[{"count":1,"href":"https:\/\/edsunloisirs.com\/fr\/wp-json\/wp\/v2\/pages\/835\/revisions"}],"predecessor-version":[{"id":5861,"href":"https:\/\/edsunloisirs.com\/fr\/wp-json\/wp\/v2\/pages\/835\/revisions\/5861"}],"wp:attachment":[{"href":"https:\/\/edsunloisirs.com\/fr\/wp-json\/wp\/v2\/media?parent=835"}],"curies":[{"name":"wp","href":"https:\/\/api.w.org\/{rel}","templated":true}]}}