{"id":4570,"date":"2023-06-05T16:00:54","date_gmt":"2023-06-05T14:00:54","guid":{"rendered":"https:\/\/edsunloisirs.com\/?page_id=4570"},"modified":"2026-01-22T17:13:30","modified_gmt":"2026-01-22T16:13:30","slug":"histoire-edsun","status":"publish","type":"page","link":"https:\/\/edsunloisirs.com\/fr\/histoire-edsun\/","title":{"rendered":"30 ans d&rsquo;histoire"},"content":{"rendered":"\n<p><\/p>\n\n\n\n<div style=\"height:61px\" aria-hidden=\"true\" class=\"wp-block-spacer\"><\/div>\n\n\n\n<div class=\"wp-block-columns has-background is-layout-flex wp-container-core-columns-is-layout-9d6595d7 wp-block-columns-is-layout-flex\" style=\"background-color:#fedd5c\">\n<div class=\"wp-block-column is-vertically-aligned-center is-layout-flow wp-block-column-is-layout-flow\" style=\"flex-basis:33.33%\">\n<h1 class=\"wp-block-heading has-text-align-center has-text-color\" style=\"color:#ffcb04;font-size:100px\">1992<\/h1>\n<\/div>\n\n\n\n<div class=\"wp-block-column is-layout-flow wp-block-column-is-layout-flow\"><\/div>\n\n\n\n<div class=\"wp-block-column is-vertically-aligned-center is-layout-flow wp-block-column-is-layout-flow\" style=\"flex-basis:66.66%\">\n<p>La soci\u00e9t\u00e9 Edsun Loisirs a \u00e9t\u00e9 cr\u00e9e par <strong>Edmond LOLLIOT<\/strong>. Il cherchait \u00e0 \u00e9quiper sa propre piscine d\u2019un toboggan aquatique, mais n\u2019en trouvant pas, a eu l\u2019id\u00e9e d\u2019\u00e9laborer ce type de produit susceptible d\u2019\u00eatre demand\u00e9 par des professionnels.<\/p>\n\n\n\n<p>Il a esquiss\u00e9 les <strong>standards des toboggans Edsun<\/strong>, a con\u00e7u plusieurs gammes et faisait fabriquer ses pi\u00e8ces dans une entreprise vend\u00e9enne, PIV, qui \u00e9tait alors dirig\u00e9e par Daniel ROBIN.<\/p>\n<\/div>\n<\/div>\n\n\n\n<div class=\"wp-block-columns has-background is-layout-flex wp-container-core-columns-is-layout-9d6595d7 wp-block-columns-is-layout-flex\" style=\"background-color:#6c7991\">\n<div class=\"wp-block-column is-vertically-aligned-center is-layout-flow wp-block-column-is-layout-flow\" style=\"flex-basis:33.33%\">\n<h1 class=\"wp-block-heading has-text-align-center has-dark-blue-color has-text-color\" style=\"font-size:100px\">1995<\/h1>\n<\/div>\n\n\n\n<div class=\"wp-block-column is-layout-flow wp-block-column-is-layout-flow\"><\/div>\n\n\n\n<div class=\"wp-block-column is-vertically-aligned-center is-layout-flow wp-block-column-is-layout-flow\" style=\"flex-basis:66.66%\">\n<p class=\"has-white-color has-text-color\">Daniel ROBIN rach\u00e8te l&rsquo;entreprise afin d&rsquo;exploiter le potentiel commercial de ces produits. <\/p>\n\n\n\n<p class=\"has-white-color has-text-color\">Le challenge a \u00e9t\u00e9 relev\u00e9 et ce rachat a tout d\u2019abord fait entrer Edsun Loisirs dans le paysage des<strong> campings vend\u00e9ens <\/strong>! \u00c0 la demande des clients, il a souhait\u00e9 d\u00e9velopper son activit\u00e9 vers les toboggans puis les jeux de plein air. Il a alors conclu un partenariat avec <strong>la soci\u00e9t\u00e9 Ext\u00e9bois<\/strong>, situ\u00e9e dans les Deux S\u00e8vres. Edsun Loisirs a d\u00e9but\u00e9 dans une maison des Landes Genusson avec quelques plans en papier, un ordinateur, un t\u00e9l\u00e9phone et surtout beaucoup de motivation !<\/p>\n<\/div>\n<\/div>\n\n\n\n<div class=\"wp-block-columns &lt;border&gt; has-white-background-color has-background is-layout-flex wp-container-core-columns-is-layout-9d6595d7 wp-block-columns-is-layout-flex\">\n<div class=\"wp-block-column is-vertically-aligned-center is-layout-flow wp-block-column-is-layout-flow\" style=\"flex-basis:33.33%\">\n<h1 class=\"wp-block-heading has-text-align-center has-green-color has-text-color\" style=\"font-size:100px\">2004<\/h1>\n<\/div>\n\n\n\n<div class=\"wp-block-column is-layout-flow wp-block-column-is-layout-flow\"><\/div>\n\n\n\n<div class=\"wp-block-column is-vertically-aligned-center is-layout-flow wp-block-column-is-layout-flow\" style=\"flex-basis:66.66%\">\n<p><strong>Emmanuel ROBIN<\/strong>, fils de Daniel ROBIN, int\u00e8gre la soci\u00e9t\u00e9. <\/p>\n\n\n\n<p>\u00c0 l\u2019\u00e9coute des tendances et des volont\u00e9s des propri\u00e9taires de campings, ils nouent un partenariat avec la marque Turque, Polin Waterparks d\u00e8s 2005 afin de proposer aux clients des <strong>toboggans aquatiques \u00e0 sensations.<\/strong><\/p>\n\n\n\n<p>En 2012, Emmanuel prend la direction d\u2019Edsun Loisirs avec la volont\u00e9 de valoriser la <strong>notion de service et de sur-mesure<\/strong> et d\u2019orienter la Edsun vers une promesse <strong>d\u2019originalit\u00e9 et de qualit\u00e9. <\/strong>Aujourd\u2019hui la marque Edsun consolide une<strong> position de leader<\/strong> sur le march\u00e9 des toboggans aquatiques en France et s\u2019\u00e9tend au march\u00e9 europ\u00e9en.<\/p>\n<\/div>\n<\/div>\n\n\n\n<div style=\"height:81px\" aria-hidden=\"true\" class=\"wp-block-spacer\"><\/div>\n\n\n\n<div style=\"height:35px\" aria-hidden=\"true\" class=\"wp-block-spacer\"><\/div>\n","protected":false},"excerpt":{"rendered":"<p>1992 La soci\u00e9t\u00e9 Edsun Loisirs a \u00e9t\u00e9 cr\u00e9e par Edmond LOLLIOT. Il cherchait \u00e0 \u00e9quiper sa propre piscine d\u2019un toboggan aquatique, mais n\u2019en trouvant pas, a eu l\u2019id\u00e9e d\u2019\u00e9laborer ce type de produit susceptible d\u2019\u00eatre demand\u00e9 par des professionnels. Il a esquiss\u00e9 les standards des toboggans Edsun, a con\u00e7u plusieurs gammes et faisait fabriquer ses [&hellip;]<\/p>\n","protected":false},"author":7,"featured_media":0,"parent":0,"menu_order":0,"comment_status":"closed","ping_status":"closed","template":"","meta":{"_acf_changed":false,"inline_featured_image":false,"footnotes":""},"class_list":["post-4570","page","type-page","status-publish","hentry"],"acf":[],"yoast_head":"<!-- This site is optimized with the Yoast SEO plugin v27.0 - https:\/\/yoast.com\/product\/yoast-seo-wordpress\/ -->\n<title>L&#039;histoire d&#039;EDSUN, sp\u00e9cialiste des produits aquatiques et de plein air<\/title>\n<meta name=\"description\" content=\"La soci\u00e9t\u00e9 Edsun a \u00e9t\u00e9 cr\u00e9e en 1992 avec plusieurs gammes de toboggans aquatiques, puis s&#039;est d\u00e9velopp\u00e9e en 1995 avec les jeux de plein air..\" \/>\n<meta name=\"robots\" content=\"index, follow, max-snippet:-1, max-image-preview:large, max-video-preview:-1\" \/>\n<link rel=\"canonical\" href=\"https:\/\/edsunloisirs.com\/fr\/histoire-edsun\/\" \/>\n<meta property=\"og:locale\" content=\"fr_FR\" \/>\n<meta property=\"og:type\" content=\"article\" \/>\n<meta property=\"og:title\" content=\"L&#039;histoire d&#039;EDSUN, sp\u00e9cialiste des produits aquatiques et de plein air\" \/>\n<meta property=\"og:description\" content=\"La soci\u00e9t\u00e9 Edsun a \u00e9t\u00e9 cr\u00e9e en 1992 avec plusieurs gammes de toboggans aquatiques, puis s&#039;est d\u00e9velopp\u00e9e en 1995 avec les jeux de plein air..\" \/>\n<meta property=\"og:url\" content=\"https:\/\/edsunloisirs.com\/fr\/histoire-edsun\/\" \/>\n<meta property=\"og:site_name\" content=\"Edsun : sp\u00e9cialiste toboggans\" \/>\n<meta property=\"article:publisher\" content=\"https:\/\/www.facebook.com\/edsunloisirs\/about\/?ref=page_internal\" \/>\n<meta property=\"article:modified_time\" content=\"2026-01-22T16:13:30+00:00\" \/>\n<meta name=\"twitter:card\" content=\"summary_large_image\" \/>\n<meta name=\"twitter:label1\" content=\"Dur\u00e9e de lecture estim\u00e9e\" \/>\n\t<meta name=\"twitter:data1\" content=\"2 minutes\" \/>\n<script type=\"application\/ld+json\" class=\"yoast-schema-graph\">{\"@context\":\"https:\/\/schema.org\",\"@graph\":[{\"@type\":\"WebPage\",\"@id\":\"https:\/\/edsunloisirs.com\/fr\/histoire-edsun\/\",\"url\":\"https:\/\/edsunloisirs.com\/fr\/histoire-edsun\/\",\"name\":\"L'histoire d'EDSUN, sp\u00e9cialiste des produits aquatiques et de plein air\",\"isPartOf\":{\"@id\":\"https:\/\/edsunloisirs.com\/fr\/#website\"},\"datePublished\":\"2023-06-05T14:00:54+00:00\",\"dateModified\":\"2026-01-22T16:13:30+00:00\",\"description\":\"La soci\u00e9t\u00e9 Edsun a \u00e9t\u00e9 cr\u00e9e en 1992 avec plusieurs gammes de toboggans aquatiques, puis s'est d\u00e9velopp\u00e9e en 1995 avec les jeux de plein air..\",\"breadcrumb\":{\"@id\":\"https:\/\/edsunloisirs.com\/fr\/histoire-edsun\/#breadcrumb\"},\"inLanguage\":\"fr-FR\",\"potentialAction\":[{\"@type\":\"ReadAction\",\"target\":[\"https:\/\/edsunloisirs.com\/fr\/histoire-edsun\/\"]}]},{\"@type\":\"BreadcrumbList\",\"@id\":\"https:\/\/edsunloisirs.com\/fr\/histoire-edsun\/#breadcrumb\",\"itemListElement\":[{\"@type\":\"ListItem\",\"position\":1,\"name\":\"Accueil\",\"item\":\"https:\/\/edsunloisirs.com\/fr\/\"},{\"@type\":\"ListItem\",\"position\":2,\"name\":\"30 ans d&rsquo;histoire\"}]},{\"@type\":\"WebSite\",\"@id\":\"https:\/\/edsunloisirs.com\/fr\/#website\",\"url\":\"https:\/\/edsunloisirs.com\/fr\/\",\"name\":\"Edsun : sp\u00e9cialiste toboggans\",\"description\":\"have fun\",\"publisher\":{\"@id\":\"https:\/\/edsunloisirs.com\/fr\/#organization\"},\"potentialAction\":[{\"@type\":\"SearchAction\",\"target\":{\"@type\":\"EntryPoint\",\"urlTemplate\":\"https:\/\/edsunloisirs.com\/fr\/?s={search_term_string}\"},\"query-input\":{\"@type\":\"PropertyValueSpecification\",\"valueRequired\":true,\"valueName\":\"search_term_string\"}}],\"inLanguage\":\"fr-FR\"},{\"@type\":\"Organization\",\"@id\":\"https:\/\/edsunloisirs.com\/fr\/#organization\",\"name\":\"Edsun\",\"url\":\"https:\/\/edsunloisirs.com\/fr\/\",\"logo\":{\"@type\":\"ImageObject\",\"inLanguage\":\"fr-FR\",\"@id\":\"https:\/\/edsunloisirs.com\/fr\/#\/schema\/logo\/image\/\",\"url\":\"https:\/\/edsunloisirs.com\/wp-content\/uploads\/edsun_blue.svg\",\"contentUrl\":\"https:\/\/edsunloisirs.com\/wp-content\/uploads\/edsun_blue.svg\",\"width\":185,\"height\":42,\"caption\":\"Edsun\"},\"image\":{\"@id\":\"https:\/\/edsunloisirs.com\/fr\/#\/schema\/logo\/image\/\"},\"sameAs\":[\"https:\/\/www.facebook.com\/edsunloisirs\/about\/?ref=page_internal\",\"https:\/\/www.instagram.com\/edsunloisirs\/\",\"https:\/\/www.linkedin.com\/company\/edsun-loisirs\"]}]}<\/script>\n<!-- \/ Yoast SEO plugin. -->","yoast_head_json":{"title":"L'histoire d'EDSUN, sp\u00e9cialiste des produits aquatiques et de plein air","description":"La soci\u00e9t\u00e9 Edsun a \u00e9t\u00e9 cr\u00e9e en 1992 avec plusieurs gammes de toboggans aquatiques, puis s'est d\u00e9velopp\u00e9e en 1995 avec les jeux de plein air..","robots":{"index":"index","follow":"follow","max-snippet":"max-snippet:-1","max-image-preview":"max-image-preview:large","max-video-preview":"max-video-preview:-1"},"canonical":"https:\/\/edsunloisirs.com\/fr\/histoire-edsun\/","og_locale":"fr_FR","og_type":"article","og_title":"L'histoire d'EDSUN, sp\u00e9cialiste des produits aquatiques et de plein air","og_description":"La soci\u00e9t\u00e9 Edsun a \u00e9t\u00e9 cr\u00e9e en 1992 avec plusieurs gammes de toboggans aquatiques, puis s'est d\u00e9velopp\u00e9e en 1995 avec les jeux de plein air..","og_url":"https:\/\/edsunloisirs.com\/fr\/histoire-edsun\/","og_site_name":"Edsun : sp\u00e9cialiste toboggans","article_publisher":"https:\/\/www.facebook.com\/edsunloisirs\/about\/?ref=page_internal","article_modified_time":"2026-01-22T16:13:30+00:00","twitter_card":"summary_large_image","twitter_misc":{"Dur\u00e9e de lecture estim\u00e9e":"2 minutes"},"schema":{"@context":"https:\/\/schema.org","@graph":[{"@type":"WebPage","@id":"https:\/\/edsunloisirs.com\/fr\/histoire-edsun\/","url":"https:\/\/edsunloisirs.com\/fr\/histoire-edsun\/","name":"L'histoire d'EDSUN, sp\u00e9cialiste des produits aquatiques et de plein air","isPartOf":{"@id":"https:\/\/edsunloisirs.com\/fr\/#website"},"datePublished":"2023-06-05T14:00:54+00:00","dateModified":"2026-01-22T16:13:30+00:00","description":"La soci\u00e9t\u00e9 Edsun a \u00e9t\u00e9 cr\u00e9e en 1992 avec plusieurs gammes de toboggans aquatiques, puis s'est d\u00e9velopp\u00e9e en 1995 avec les jeux de plein air..","breadcrumb":{"@id":"https:\/\/edsunloisirs.com\/fr\/histoire-edsun\/#breadcrumb"},"inLanguage":"fr-FR","potentialAction":[{"@type":"ReadAction","target":["https:\/\/edsunloisirs.com\/fr\/histoire-edsun\/"]}]},{"@type":"BreadcrumbList","@id":"https:\/\/edsunloisirs.com\/fr\/histoire-edsun\/#breadcrumb","itemListElement":[{"@type":"ListItem","position":1,"name":"Accueil","item":"https:\/\/edsunloisirs.com\/fr\/"},{"@type":"ListItem","position":2,"name":"30 ans d&rsquo;histoire"}]},{"@type":"WebSite","@id":"https:\/\/edsunloisirs.com\/fr\/#website","url":"https:\/\/edsunloisirs.com\/fr\/","name":"Edsun : sp\u00e9cialiste toboggans","description":"have fun","publisher":{"@id":"https:\/\/edsunloisirs.com\/fr\/#organization"},"potentialAction":[{"@type":"SearchAction","target":{"@type":"EntryPoint","urlTemplate":"https:\/\/edsunloisirs.com\/fr\/?s={search_term_string}"},"query-input":{"@type":"PropertyValueSpecification","valueRequired":true,"valueName":"search_term_string"}}],"inLanguage":"fr-FR"},{"@type":"Organization","@id":"https:\/\/edsunloisirs.com\/fr\/#organization","name":"Edsun","url":"https:\/\/edsunloisirs.com\/fr\/","logo":{"@type":"ImageObject","inLanguage":"fr-FR","@id":"https:\/\/edsunloisirs.com\/fr\/#\/schema\/logo\/image\/","url":"https:\/\/edsunloisirs.com\/wp-content\/uploads\/edsun_blue.svg","contentUrl":"https:\/\/edsunloisirs.com\/wp-content\/uploads\/edsun_blue.svg","width":185,"height":42,"caption":"Edsun"},"image":{"@id":"https:\/\/edsunloisirs.com\/fr\/#\/schema\/logo\/image\/"},"sameAs":["https:\/\/www.facebook.com\/edsunloisirs\/about\/?ref=page_internal","https:\/\/www.instagram.com\/edsunloisirs\/","https:\/\/www.linkedin.com\/company\/edsun-loisirs"]}]}},"_links":{"self":[{"href":"https:\/\/edsunloisirs.com\/fr\/wp-json\/wp\/v2\/pages\/4570","targetHints":{"allow":["GET"]}}],"collection":[{"href":"https:\/\/edsunloisirs.com\/fr\/wp-json\/wp\/v2\/pages"}],"about":[{"href":"https:\/\/edsunloisirs.com\/fr\/wp-json\/wp\/v2\/types\/page"}],"author":[{"embeddable":true,"href":"https:\/\/edsunloisirs.com\/fr\/wp-json\/wp\/v2\/users\/7"}],"replies":[{"embeddable":true,"href":"https:\/\/edsunloisirs.com\/fr\/wp-json\/wp\/v2\/comments?post=4570"}],"version-history":[{"count":1,"href":"https:\/\/edsunloisirs.com\/fr\/wp-json\/wp\/v2\/pages\/4570\/revisions"}],"predecessor-version":[{"id":8336,"href":"https:\/\/edsunloisirs.com\/fr\/wp-json\/wp\/v2\/pages\/4570\/revisions\/8336"}],"wp:attachment":[{"href":"https:\/\/edsunloisirs.com\/fr\/wp-json\/wp\/v2\/media?parent=4570"}],"curies":[{"name":"wp","href":"https:\/\/api.w.org\/{rel}","templated":true}]}}