{"id":1502,"date":"2021-09-23T18:07:29","date_gmt":"2021-09-23T16:07:29","guid":{"rendered":"https:\/\/edsunloisirs.com\/?page_id=1502"},"modified":"2021-09-23T18:07:31","modified_gmt":"2021-09-23T16:07:31","slug":"politique-de-cookies","status":"publish","type":"page","link":"https:\/\/edsunloisirs.com\/fr\/politique-de-cookies\/","title":{"rendered":"Politique de cookies"},"content":{"rendered":"\n<h2 class=\"wp-block-heading\">1. Liens hypertextes \u00ab cookies \u00bb et balises (\u201ctags\u201d) internet<\/h2>\n\n\n\n<p>Le site&nbsp;<a href=\"https:\/\/edsunloisirs.com\/fr\/\">https:\/\/edsunloisirs.com\/fr\/<\/a>&nbsp;contient un certain nombre de liens hypertextes vers d\u2019autres sites, mis en place avec l\u2019autorisation de <a href=\"https:\/\/edsunloisirs.com\/fr\/\">https:\/\/edsunloisirs.com\/fr\/<\/a>. Cependant, <a href=\"https:\/\/edsunloisirs.com\/fr\/\">https:\/\/edsunloisirs.com\/fr\/<\/a> n\u2019a pas la possibilit\u00e9 de v\u00e9rifier le contenu des sites ainsi visit\u00e9s, et n\u2019assumera en cons\u00e9quence aucune responsabilit\u00e9 de ce fait.<\/p>\n\n\n\n<p>Sauf si vous d\u00e9cidez de d\u00e9sactiver les cookies, vous acceptez que le site puisse les utiliser. Vous pouvez \u00e0 tout moment d\u00e9sactiver ces cookies et ce gratuitement \u00e0 partir des possibilit\u00e9s de d\u00e9sactivation qui vous sont offertes et rappel\u00e9es ci-apr\u00e8s, sachant que cela peut r\u00e9duire ou emp\u00eacher l\u2019accessibilit\u00e9 \u00e0 tout ou partie des Services propos\u00e9s par le site.<\/p>\n\n\n\n<h3 class=\"wp-block-heading\">1.1. \u00ab COOKIES \u00bb<\/h3>\n\n\n\n<p>Un \u00ab cookie \u00bb est un petit fichier d\u2019information envoy\u00e9 sur le navigateur de l\u2019Utilisateur et enregistr\u00e9 au sein du terminal de l\u2019Utilisateur (ex : ordinateur, smartphone), (ci-apr\u00e8s \u00ab Cookies \u00bb). Ce fichier comprend des informations telles que le nom de domaine de l\u2019Utilisateur, le fournisseur d\u2019acc\u00e8s Internet de l\u2019Utilisateur, le syst\u00e8me d\u2019exploitation de l\u2019Utilisateur, ainsi que la date et l\u2019heure d\u2019acc\u00e8s. Les Cookies ne risquent en aucun cas d\u2019endommager le terminal de l\u2019Utilisateur.<\/p>\n\n\n\n<p><a href=\"https:\/\/edsunloisirs.com\/fr\/\">https:\/\/edsunloisirs.com\/fr\/<\/a> est susceptible de traiter les informations de l\u2019Utilisateur concernant sa visite du Site, telles que les pages consult\u00e9es, les recherches effectu\u00e9es. Ces informations permettent \u00e0 <a href=\"https:\/\/edsunloisirs.com\/fr\/\">https:\/\/edsunloisirs.com\/fr\/<\/a> d\u2019am\u00e9liorer le contenu du Site, de la navigation de l\u2019Utilisateur.<\/p>\n\n\n\n<p>Les Cookies facilitant la navigation et\/ou la fourniture des services propos\u00e9s par le Site, l\u2019Utilisateur peut configurer son navigateur pour qu\u2019il lui permette de d\u00e9cider s\u2019il souhaite ou non les accepter de mani\u00e8re \u00e0 ce que des Cookies soient enregistr\u00e9s dans le terminal ou, au contraire, qu\u2019ils soient rejet\u00e9s, soit syst\u00e9matiquement, soit selon leur \u00e9metteur. L\u2019Utilisateur peut \u00e9galement configurer son logiciel de navigation de mani\u00e8re \u00e0 ce que l\u2019acceptation ou le refus des Cookies lui soient propos\u00e9s ponctuellement, avant qu\u2019un Cookie soit susceptible d\u2019\u00eatre enregistr\u00e9 dans son terminal. <a href=\"https:\/\/edsunloisirs.com\/fr\/\">https:\/\/edsunloisirs.com\/fr\/<\/a> informe l\u2019Utilisateur que, dans ce cas, il se peut que les fonctionnalit\u00e9s de son logiciel de navigation ne soient pas toutes disponibles.<\/p>\n\n\n\n<p>Si l\u2019Utilisateur refuse l\u2019enregistrement de Cookies dans son terminal ou son navigateur, ou si l\u2019Utilisateur supprime ceux qui y sont enregistr\u00e9s, l\u2019Utilisateur est inform\u00e9 que sa navigation et son exp\u00e9rience sur le Site peuvent \u00eatre limit\u00e9es. Cela pourrait \u00e9galement \u00eatre le cas lorsque <a href=\"https:\/\/edsunloisirs.com\/fr\/\">https:\/\/edsunloisirs.com\/fr\/<\/a> ou l\u2019un de ses prestataires ne peut pas reconna\u00eetre, \u00e0 des fins de compatibilit\u00e9 technique, le type de navigateur utilis\u00e9 par le terminal, les param\u00e8tres de langue et d\u2019affichage ou le pays depuis lequel le terminal semble connect\u00e9 \u00e0 Internet.<\/p>\n\n\n\n<p>Le cas \u00e9ch\u00e9ant, <a href=\"https:\/\/edsunloisirs.com\/fr\/\">https:\/\/edsunloisirs.com\/fr\/<\/a> d\u00e9cline toute responsabilit\u00e9 pour les cons\u00e9quences li\u00e9es au fonctionnement d\u00e9grad\u00e9 du Site et des services \u00e9ventuellement propos\u00e9s par <a href=\"https:\/\/edsunloisirs.com\/fr\/\">https:\/\/edsunloisirs.com\/fr\/<\/a>, r\u00e9sultant (i) du refus de Cookies par l\u2019Utilisateur (ii) de l\u2019impossibilit\u00e9 pour <a href=\"https:\/\/edsunloisirs.com\/fr\/\">https:\/\/edsunloisirs.com\/fr\/<\/a> d\u2019enregistrer ou de consulter les Cookies n\u00e9cessaires \u00e0 leur fonctionnement du fait du choix de l\u2019Utilisateur. Pour la gestion des Cookies et des choix de l\u2019Utilisateur, la configuration de chaque navigateur est diff\u00e9rente. Elle est d\u00e9crite dans le menu d\u2019aide du navigateur, qui permettra de savoir de quelle mani\u00e8re l\u2019Utilisateur peut modifier ses souhaits en mati\u00e8re de Cookies.<\/p>\n\n\n\n<p>\u00c0 tout moment, l\u2019Utilisateur peut faire le choix d\u2019exprimer et de modifier ses souhaits en mati\u00e8re de Cookies. <a href=\"https:\/\/edsunloisirs.com\/fr\/\">https:\/\/edsunloisirs.com\/fr\/<\/a> pourra en outre faire appel aux services de prestataires externes pour l\u2019aider \u00e0 recueillir et traiter les informations d\u00e9crites dans cette section.<\/p>\n\n\n\n<p>Enfin, en cliquant sur les ic\u00f4nes d\u00e9di\u00e9es aux r\u00e9seaux sociaux Twitter, Facebook, Linkedin et Google Plus figurant sur le Site de <a href=\"https:\/\/edsunloisirs.com\/fr\/\">https:\/\/edsunloisirs.com\/fr\/<\/a> ou dans son application mobile et si l\u2019Utilisateur a accept\u00e9 le d\u00e9p\u00f4t de cookies en poursuivant sa navigation sur le Site Internet ou l\u2019application mobile de <a href=\"https:\/\/edsunloisirs.com\/fr\/\">https:\/\/edsunloisirs.com\/fr\/<\/a>, Twitter, Facebook, Linkedin et Google Plus peuvent \u00e9galement d\u00e9poser des cookies sur vos terminaux (ordinateur, tablette, t\u00e9l\u00e9phone portable).<\/p>\n\n\n\n<p>Ces types de cookies ne sont d\u00e9pos\u00e9s sur vos terminaux qu\u2019\u00e0 condition que vous y consentiez, en continuant votre navigation sur le Site Internet ou l\u2019application mobile de <a href=\"https:\/\/edsunloisirs.com\/fr\/\">https:\/\/edsunloisirs.com\/fr\/<\/a>. \u00c0 tout moment, l\u2019Utilisateur peut n\u00e9anmoins revenir sur son consentement \u00e0 ce que <a href=\"https:\/\/edsunloisirs.com\/fr\/\">https:\/\/edsunloisirs.com\/fr\/<\/a> d\u00e9pose ce type de cookies.<\/p>\n\n\n\n<h3 class=\"wp-block-heading\">1.2. BALISES (\u201cTAGS\u201d) INTERNET<\/h3>\n\n\n\n<p><a href=\"https:\/\/edsunloisirs.com\/fr\/\">https:\/\/edsunloisirs.com\/fr\/<\/a> peut employer occasionnellement des balises Internet (\u00e9galement appel\u00e9es \u00ab tags \u00bb, ou balises d\u2019action, GIF \u00e0 un pixel, GIF transparents, GIF invisibles et GIF un \u00e0 un) et les d\u00e9ployer par l\u2019interm\u00e9diaire d\u2019un partenaire sp\u00e9cialiste d\u2019analyses Web susceptible de se trouver (et donc de stocker les informations correspondantes, y compris l\u2019adresse IP de l\u2019Utilisateur) dans un pays \u00e9tranger.<\/p>\n\n\n\n<p>Ces balises sont plac\u00e9es \u00e0 la fois dans les publicit\u00e9s en ligne permettant aux internautes d\u2019acc\u00e9der au Site, et sur les diff\u00e9rentes pages de celui-ci.<br>Cette technologie permet \u00e0 <a href=\"https:\/\/edsunloisirs.com\/fr\/\">https:\/\/edsunloisirs.com\/fr\/<\/a> d\u2019\u00e9valuer les r\u00e9ponses des visiteurs face au Site et l\u2019efficacit\u00e9 de ses actions (par exemple, le nombre de fois o\u00f9 une page est ouverte et les informations consult\u00e9es), ainsi que l\u2019utilisation de ce Site par l\u2019Utilisateur.<\/p>\n\n\n\n<p>Le prestataire externe pourra \u00e9ventuellement recueillir des informations sur les visiteurs du Site et d\u2019autres sites Internet gr\u00e2ce \u00e0 ces balises, constituer des rapports sur l\u2019activit\u00e9 du Site \u00e0 l\u2019attention de <a href=\"https:\/\/edsunloisirs.com\/fr\/\">https:\/\/edsunloisirs.com\/fr\/<\/a>, et fournir d\u2019autres services relatifs \u00e0 l\u2019utilisation de celui-ci et d\u2019Internet.<\/p>\n","protected":false},"excerpt":{"rendered":"<p>1. Liens hypertextes \u00ab cookies \u00bb et balises (\u201ctags\u201d) internet Le site&nbsp;https:\/\/edsunloisirs.com\/fr\/&nbsp;contient un certain nombre de liens hypertextes vers d\u2019autres sites, mis en place avec l\u2019autorisation de https:\/\/edsunloisirs.com\/fr\/. Cependant, https:\/\/edsunloisirs.com\/fr\/ n\u2019a pas la possibilit\u00e9 de v\u00e9rifier le contenu des sites ainsi visit\u00e9s, et n\u2019assumera en cons\u00e9quence aucune responsabilit\u00e9 de ce fait. Sauf si vous d\u00e9cidez [&hellip;]<\/p>\n","protected":false},"author":1,"featured_media":0,"parent":0,"menu_order":0,"comment_status":"closed","ping_status":"closed","template":"","meta":{"_acf_changed":false,"inline_featured_image":false,"footnotes":""},"class_list":["post-1502","page","type-page","status-publish","hentry"],"acf":[],"yoast_head":"<!-- This site is optimized with the Yoast SEO plugin v27.0 - https:\/\/yoast.com\/product\/yoast-seo-wordpress\/ -->\n<title>Politique de cookies - Edsun : sp\u00e9cialiste toboggans<\/title>\n<meta name=\"description\" content=\"1. Liens hypertextes \u00ab cookies \u00bb et balises (\u201ctags\u201d) internet Le site&nbsp;https:\/\/edsunloisirs.com\/fr\/&nbsp;contient un certain nombre de liens\" \/>\n<meta name=\"robots\" content=\"index, follow, max-snippet:-1, max-image-preview:large, max-video-preview:-1\" \/>\n<link rel=\"canonical\" href=\"https:\/\/edsunloisirs.com\/fr\/politique-de-cookies\/\" \/>\n<meta property=\"og:locale\" content=\"fr_FR\" \/>\n<meta property=\"og:type\" content=\"article\" \/>\n<meta property=\"og:title\" content=\"Politique de cookies - Edsun : sp\u00e9cialiste toboggans\" \/>\n<meta property=\"og:description\" content=\"1. Liens hypertextes \u00ab cookies \u00bb et balises (\u201ctags\u201d) internet Le site&nbsp;https:\/\/edsunloisirs.com\/fr\/&nbsp;contient un certain nombre de liens\" \/>\n<meta property=\"og:url\" content=\"https:\/\/edsunloisirs.com\/fr\/politique-de-cookies\/\" \/>\n<meta property=\"og:site_name\" content=\"Edsun : sp\u00e9cialiste toboggans\" \/>\n<meta property=\"article:publisher\" content=\"https:\/\/www.facebook.com\/edsunloisirs\/about\/?ref=page_internal\" \/>\n<meta property=\"article:modified_time\" content=\"2021-09-23T16:07:31+00:00\" \/>\n<meta name=\"twitter:card\" content=\"summary_large_image\" \/>\n<meta name=\"twitter:label1\" content=\"Dur\u00e9e de lecture estim\u00e9e\" \/>\n\t<meta name=\"twitter:data1\" content=\"4 minutes\" \/>\n<script type=\"application\/ld+json\" class=\"yoast-schema-graph\">{\"@context\":\"https:\/\/schema.org\",\"@graph\":[{\"@type\":\"WebPage\",\"@id\":\"https:\/\/edsunloisirs.com\/fr\/politique-de-cookies\/\",\"url\":\"https:\/\/edsunloisirs.com\/fr\/politique-de-cookies\/\",\"name\":\"Politique de cookies - Edsun : sp\u00e9cialiste toboggans\",\"isPartOf\":{\"@id\":\"https:\/\/edsunloisirs.com\/fr\/#website\"},\"datePublished\":\"2021-09-23T16:07:29+00:00\",\"dateModified\":\"2021-09-23T16:07:31+00:00\",\"description\":\"1. Liens hypertextes \u00ab cookies \u00bb et balises (\u201ctags\u201d) internet Le site&nbsp;https:\/\/edsunloisirs.com\/fr\/&nbsp;contient un certain nombre de liens\",\"breadcrumb\":{\"@id\":\"https:\/\/edsunloisirs.com\/fr\/politique-de-cookies\/#breadcrumb\"},\"inLanguage\":\"fr-FR\",\"potentialAction\":[{\"@type\":\"ReadAction\",\"target\":[\"https:\/\/edsunloisirs.com\/fr\/politique-de-cookies\/\"]}]},{\"@type\":\"BreadcrumbList\",\"@id\":\"https:\/\/edsunloisirs.com\/fr\/politique-de-cookies\/#breadcrumb\",\"itemListElement\":[{\"@type\":\"ListItem\",\"position\":1,\"name\":\"Accueil\",\"item\":\"https:\/\/edsunloisirs.com\/fr\/\"},{\"@type\":\"ListItem\",\"position\":2,\"name\":\"Politique de cookies\"}]},{\"@type\":\"WebSite\",\"@id\":\"https:\/\/edsunloisirs.com\/fr\/#website\",\"url\":\"https:\/\/edsunloisirs.com\/fr\/\",\"name\":\"Edsun : sp\u00e9cialiste toboggans\",\"description\":\"have fun\",\"publisher\":{\"@id\":\"https:\/\/edsunloisirs.com\/fr\/#organization\"},\"potentialAction\":[{\"@type\":\"SearchAction\",\"target\":{\"@type\":\"EntryPoint\",\"urlTemplate\":\"https:\/\/edsunloisirs.com\/fr\/?s={search_term_string}\"},\"query-input\":{\"@type\":\"PropertyValueSpecification\",\"valueRequired\":true,\"valueName\":\"search_term_string\"}}],\"inLanguage\":\"fr-FR\"},{\"@type\":\"Organization\",\"@id\":\"https:\/\/edsunloisirs.com\/fr\/#organization\",\"name\":\"Edsun\",\"url\":\"https:\/\/edsunloisirs.com\/fr\/\",\"logo\":{\"@type\":\"ImageObject\",\"inLanguage\":\"fr-FR\",\"@id\":\"https:\/\/edsunloisirs.com\/fr\/#\/schema\/logo\/image\/\",\"url\":\"https:\/\/edsunloisirs.com\/wp-content\/uploads\/edsun_blue.svg\",\"contentUrl\":\"https:\/\/edsunloisirs.com\/wp-content\/uploads\/edsun_blue.svg\",\"width\":185,\"height\":42,\"caption\":\"Edsun\"},\"image\":{\"@id\":\"https:\/\/edsunloisirs.com\/fr\/#\/schema\/logo\/image\/\"},\"sameAs\":[\"https:\/\/www.facebook.com\/edsunloisirs\/about\/?ref=page_internal\",\"https:\/\/www.instagram.com\/edsunloisirs\/\",\"https:\/\/www.linkedin.com\/company\/edsun-loisirs\"]}]}<\/script>\n<!-- \/ Yoast SEO plugin. -->","yoast_head_json":{"title":"Politique de cookies - Edsun : sp\u00e9cialiste toboggans","description":"1. Liens hypertextes \u00ab cookies \u00bb et balises (\u201ctags\u201d) internet Le site&nbsp;https:\/\/edsunloisirs.com\/fr\/&nbsp;contient un certain nombre de liens","robots":{"index":"index","follow":"follow","max-snippet":"max-snippet:-1","max-image-preview":"max-image-preview:large","max-video-preview":"max-video-preview:-1"},"canonical":"https:\/\/edsunloisirs.com\/fr\/politique-de-cookies\/","og_locale":"fr_FR","og_type":"article","og_title":"Politique de cookies - Edsun : sp\u00e9cialiste toboggans","og_description":"1. Liens hypertextes \u00ab cookies \u00bb et balises (\u201ctags\u201d) internet Le site&nbsp;https:\/\/edsunloisirs.com\/fr\/&nbsp;contient un certain nombre de liens","og_url":"https:\/\/edsunloisirs.com\/fr\/politique-de-cookies\/","og_site_name":"Edsun : sp\u00e9cialiste toboggans","article_publisher":"https:\/\/www.facebook.com\/edsunloisirs\/about\/?ref=page_internal","article_modified_time":"2021-09-23T16:07:31+00:00","twitter_card":"summary_large_image","twitter_misc":{"Dur\u00e9e de lecture estim\u00e9e":"4 minutes"},"schema":{"@context":"https:\/\/schema.org","@graph":[{"@type":"WebPage","@id":"https:\/\/edsunloisirs.com\/fr\/politique-de-cookies\/","url":"https:\/\/edsunloisirs.com\/fr\/politique-de-cookies\/","name":"Politique de cookies - Edsun : sp\u00e9cialiste toboggans","isPartOf":{"@id":"https:\/\/edsunloisirs.com\/fr\/#website"},"datePublished":"2021-09-23T16:07:29+00:00","dateModified":"2021-09-23T16:07:31+00:00","description":"1. Liens hypertextes \u00ab cookies \u00bb et balises (\u201ctags\u201d) internet Le site&nbsp;https:\/\/edsunloisirs.com\/fr\/&nbsp;contient un certain nombre de liens","breadcrumb":{"@id":"https:\/\/edsunloisirs.com\/fr\/politique-de-cookies\/#breadcrumb"},"inLanguage":"fr-FR","potentialAction":[{"@type":"ReadAction","target":["https:\/\/edsunloisirs.com\/fr\/politique-de-cookies\/"]}]},{"@type":"BreadcrumbList","@id":"https:\/\/edsunloisirs.com\/fr\/politique-de-cookies\/#breadcrumb","itemListElement":[{"@type":"ListItem","position":1,"name":"Accueil","item":"https:\/\/edsunloisirs.com\/fr\/"},{"@type":"ListItem","position":2,"name":"Politique de cookies"}]},{"@type":"WebSite","@id":"https:\/\/edsunloisirs.com\/fr\/#website","url":"https:\/\/edsunloisirs.com\/fr\/","name":"Edsun : sp\u00e9cialiste toboggans","description":"have fun","publisher":{"@id":"https:\/\/edsunloisirs.com\/fr\/#organization"},"potentialAction":[{"@type":"SearchAction","target":{"@type":"EntryPoint","urlTemplate":"https:\/\/edsunloisirs.com\/fr\/?s={search_term_string}"},"query-input":{"@type":"PropertyValueSpecification","valueRequired":true,"valueName":"search_term_string"}}],"inLanguage":"fr-FR"},{"@type":"Organization","@id":"https:\/\/edsunloisirs.com\/fr\/#organization","name":"Edsun","url":"https:\/\/edsunloisirs.com\/fr\/","logo":{"@type":"ImageObject","inLanguage":"fr-FR","@id":"https:\/\/edsunloisirs.com\/fr\/#\/schema\/logo\/image\/","url":"https:\/\/edsunloisirs.com\/wp-content\/uploads\/edsun_blue.svg","contentUrl":"https:\/\/edsunloisirs.com\/wp-content\/uploads\/edsun_blue.svg","width":185,"height":42,"caption":"Edsun"},"image":{"@id":"https:\/\/edsunloisirs.com\/fr\/#\/schema\/logo\/image\/"},"sameAs":["https:\/\/www.facebook.com\/edsunloisirs\/about\/?ref=page_internal","https:\/\/www.instagram.com\/edsunloisirs\/","https:\/\/www.linkedin.com\/company\/edsun-loisirs"]}]}},"_links":{"self":[{"href":"https:\/\/edsunloisirs.com\/fr\/wp-json\/wp\/v2\/pages\/1502","targetHints":{"allow":["GET"]}}],"collection":[{"href":"https:\/\/edsunloisirs.com\/fr\/wp-json\/wp\/v2\/pages"}],"about":[{"href":"https:\/\/edsunloisirs.com\/fr\/wp-json\/wp\/v2\/types\/page"}],"author":[{"embeddable":true,"href":"https:\/\/edsunloisirs.com\/fr\/wp-json\/wp\/v2\/users\/1"}],"replies":[{"embeddable":true,"href":"https:\/\/edsunloisirs.com\/fr\/wp-json\/wp\/v2\/comments?post=1502"}],"version-history":[{"count":0,"href":"https:\/\/edsunloisirs.com\/fr\/wp-json\/wp\/v2\/pages\/1502\/revisions"}],"wp:attachment":[{"href":"https:\/\/edsunloisirs.com\/fr\/wp-json\/wp\/v2\/media?parent=1502"}],"curies":[{"name":"wp","href":"https:\/\/api.w.org\/{rel}","templated":true}]}}