{"id":1229,"date":"2021-09-20T15:26:06","date_gmt":"2021-09-20T13:26:06","guid":{"rendered":"https:\/\/edsunloisirs.com\/?page_id=1229"},"modified":"2026-01-22T17:12:24","modified_gmt":"2026-01-22T16:12:24","slug":"edsun-expert-en-fun-depuis-plus-de-30-ans","status":"publish","type":"page","link":"https:\/\/edsunloisirs.com\/fr\/edsun-expert-en-fun-depuis-plus-de-30-ans\/","title":{"rendered":"Notre m\u00e9tier"},"content":{"rendered":"<div class=\"youtube-video directplay align\">\n\t\t\t\t\t\t<div id=\"youtubevideo-block_7a462cc758dc709b1691d6dbf376ad5e\" class=\"youtube-video-container\" data-src=\"WREkgg-MH5k\"><\/div>\n\t\t\t<\/div>\n\n\n\n<div class=\"wp-block-group little-pad\"><div class=\"wp-block-group__inner-container is-layout-flow wp-block-group-is-layout-flow\">\n<p class=\"has-text-align-center col-10\">Edsun est le sp\u00e9cialiste fran\u00e7ais des <strong>animations aqualudiques et de plein air<\/strong> pour les campings, les parcs de loisirs et les collectivit\u00e9s. Bas\u00e9 en France et en Espagne, nous concevons des <strong>projets sur mesure<\/strong>.<br>Notre objectif est de r\u00e9pondre \u00e0 toutes vos contraintes : profil des utilisateurs, budgets, surfaces disponibles\u2026<\/p>\n\n\n\n<p class=\"has-text-align-center col-10\">Edsun propose des <strong>solutions compl\u00e8tes<\/strong> pour transformer votre piscine ou votre aire de jeux en un <strong>espace ludique<\/strong>. Tout se fait en respectant \u00e0 la lettre, voire plus, les normes en vigueur, en utilisant les techniques les plus fiables, les mat\u00e9riaux les plus p\u00e9rennes, les accessoires les plus solides.<\/p>\n\n\n\n<p class=\"has-text-align-center col-10 uppercase\"><strong>Votre tranquillit\u00e9 d\u2019esprit est \u00e0 ce prix.<\/strong><\/p>\n<\/div><\/div>\n\n\n\n<div class=\"wp-block-buttons is-horizontal is-content-justification-center is-layout-flex wp-container-core-buttons-is-layout-499968f5 wp-block-buttons-is-layout-flex\">\n<div class=\"wp-block-button\"><a class=\"wp-block-button__link has-white-color has-green-background-color has-text-color has-background wp-element-button\" href=\"https:\/\/edsunloisirs.com\/fr\/portfolio\/\">Voir toutes nos r\u00e9alisations<\/a><\/div>\n<\/div>\n\n\n<div class=\"fullwidth has-fill has-white-fill-color\"><svg xmlns=\"http:\/\/www.w3.org\/2000\/svg\" viewBox=\"0 0 511.26 94.34\">\n\t<defs>\n\t\t<linearGradient id=\"svgBlueGradient\" x1=\"0\" x2=\"1\" y1=\"0\" y2=\"0\">\n\t\t\t<stop offset=\"0%\" stop-color=\"#154381\"\/>\n\t\t\t<stop offset=\"100%\" stop-color=\"#061B38\"\/>\n\t\t<\/linearGradient>\n\t\t<linearGradient id=\"svgGreenGradient\" x1=\"0\" x2=\"1\" y1=\"0\" y2=\"0\">\n\t\t\t<stop offset=\"0%\" stop-color=\"#3DB7B0\"\/>\n\t\t\t<stop offset=\"100%\" stop-color=\"#9FEAD0\"\/>\n\t\t<\/linearGradient>\n\t\t<linearGradient id=\"svgGrayGradient\" x1=\"0\" x2=\"1\" y1=\"0\" y2=\"0\">\n\t\t\t<stop offset=\"0%\" stop-color=\"#DFE3E6\"\/>\n\t\t\t<stop offset=\"100%\" stop-color=\"#FCFEFF\"\/>\n\t\t<\/linearGradient>\n\t<\/defs>\n\t<path class=\"svg-body\" d=\"M511.26,94.34V0C475.68,41.39,374.68,88.24,255.63,88.24S35.57,41.39,0,0V94.24Z\"\/>\n\t<path\n style=\"fill: url(#svgGrayGradient)\" \td=\"M255.63,88.24C374.69,88.24,475.69,44.3,511.26.38V0C475.68,41.39,374.68,71.25,255.63,71.25S35.57,41.39,0,0V.38C35.56,44.31,136.56,88.24,255.63,88.24Z\"\/>\n<\/svg>\n<svg xmlns=\"http:\/\/www.w3.org\/2000\/svg\" viewBox=\"0 0 511.26 50.22\">\n\t<defs>\n\t\t<linearGradient id=\"LSsvgBlueGradient\" x1=\"0\" x2=\"1\" y1=\"0\" y2=\"0\">\n\t\t\t<stop offset=\"0%\" stop-color=\"#154381\"\/>\n\t\t\t<stop offset=\"100%\" stop-color=\"#061B38\"\/>\n\t\t<\/linearGradient>\n\t\t<linearGradient id=\"LSsvgGreenGradient\" x1=\"0\" x2=\"1\" y1=\"0\" y2=\"0\">\n\t\t\t<stop offset=\"0%\" stop-color=\"#3DB7B0\"\/>\n\t\t\t<stop offset=\"100%\" stop-color=\"#9FEAD0\"\/>\n\t\t<\/linearGradient>\n\t\t<linearGradient id=\"LSsvgGrayGradient\" x1=\"0\" x2=\"1\" y1=\"0\" y2=\"0\">\n\t\t\t<stop offset=\"0%\" stop-color=\"#DFE3E6\"\/>\n\t\t\t<stop offset=\"100%\" stop-color=\"#FCFEFF\"\/>\n\t\t<\/linearGradient>\n\t<\/defs>\n\t<path class=\"svg-body\" d=\"M511.26,50.22V0C475.68,22,374.68,47,255.63,47S35.57,22,0,0V50.17Z\"\/>\n\t<path\n style=\"fill: url(#LSsvgGrayGradient)\" \td=\"M255.63,47C374.69,47,475.69,23.58,511.26.2V0C475.68,22,374.68,37.93,255.63,37.93S35.57,22,0,0V.2C35.56,23.59,136.56,47,255.63,47Z\"\/>\n<\/svg>\n<\/div>\n<div class=\"wp-block-group wave has-white-background-color has-background\"><div class=\"wp-block-group__inner-container is-layout-flow wp-block-group-is-layout-flow\">\n<div class=\"wp-block-media-text alignwide is-stacked-on-mobile\"><figure class=\"wp-block-media-text__media\"><img loading=\"lazy\" decoding=\"async\" width=\"1030\" height=\"778\" src=\"https:\/\/edsunloisirs.com\/wp-content\/uploads\/vision_polin_turkey.jpg\" alt=\"Vision_Polin_Turkey\" class=\"wp-image-1235 size-full\" srcset=\"https:\/\/edsunloisirs.com\/wp-content\/uploads\/vision_polin_turkey.jpg 1030w, https:\/\/edsunloisirs.com\/wp-content\/uploads\/vision_polin_turkey-768x580.jpg 768w\" sizes=\"auto, (max-width: 1030px) 100vw, 1030px\" \/><\/figure><div class=\"wp-block-media-text__content\">\n<h2 class=\"wp-block-heading\">Notre vision<\/h2>\n\n\n\n<p>Chaque projet doit rapporter et servir votre image. Quel qu\u2019il soit, qu\u2019importe sa taille, il doit se faire dans le respect absolu des normes en vigueur.<\/p>\n\n\n\n<p>Chez Edsun, il n\u2019y a aucune diff\u00e9rence entre un grand ou un petit investissement. Seulement une r\u00e9ponse toujours sur mesure, de qualit\u00e9 qui r<strong>especte \u00e0 100% les r\u00e8gles de protection essentielles<\/strong> au bonheur des usagers et \u00e0 la s\u00e9r\u00e9nit\u00e9 de nos clients.<\/p>\n<\/div><\/div>\n\n\n\n<div class=\"wp-block-media-text alignwide has-media-on-the-right is-stacked-on-mobile\"><div class=\"wp-block-media-text__content\">\n<h2 class=\"wp-block-heading\">Notre mission<\/h2>\n\n\n\n<p><strong>Renforcer votre capital d\u2019attraction et garantir votre tranquillit\u00e9 d\u2019esprit<\/strong> pour le plus grand plaisir et la s\u00e9curit\u00e9 des utilisateurs de nos r\u00e9alisations.<br>&nbsp;<br>Depuis plus de 30 ans, Edsun a b\u00e2ti sa r\u00e9putation sur des valeurs partag\u00e9es avec vous&nbsp;: <strong>l\u2019honn\u00eatet\u00e9, la rigueur, l\u2019innovation, l\u2019\u00e9coute et le respect.<\/strong> Solidit\u00e9, esth\u00e9tique, nouveaut\u00e9, qualit\u00e9 sont toujours au rendez-vous. Soyez les bienvenus dans l\u2019univers Edsun. <strong>Source de fun pour les utilisateurs<\/strong>, notre marque est synonyme de <strong>s\u00e9r\u00e9nit\u00e9, de s\u00e9curit\u00e9 et de durabilit\u00e9 <\/strong>pour nos clients priv\u00e9s et publiques.<\/p>\n<\/div><figure class=\"wp-block-media-text__media\"><img loading=\"lazy\" decoding=\"async\" width=\"570\" height=\"430\" src=\"https:\/\/edsunloisirs.com\/wp-content\/uploads\/mission_44210_laboutinardiere_04.jpg\" alt=\"Mission_44210_LaBoutinardiere_04\" class=\"wp-image-1238 size-full\"\/><\/figure><\/div>\n\n\n\n<h2 class=\"wp-block-heading has-text-align-center wave-after\"><\/h2>\n<\/div><\/div>\n\n\n\n<div class=\"wp-block-group has-white-background-color has-background\"><div class=\"wp-block-group__inner-container is-layout-flow wp-block-group-is-layout-flow\">\n<h2 class=\"wp-block-heading has-text-align-center wave-after\">Pour Edsun, la norme c\u2019est de respecter toutes les normes<\/h2>\n\n\n\n<p class=\"has-text-align-center\">Les produits Edsun respectent \u00e0 la lettre les normes en vigueur. Pour vous c\u2019est un gage de qualit\u00e9 et de s\u00e9curit\u00e9 indispensable \u00e0 votre tranquillit\u00e9 d\u2019esprit.<\/p>\n\n\n\n<h3 class=\"wp-block-heading has-text-align-left\">Toboggan<\/h3>\n\n\n\n<div class=\"wp-block-columns is-layout-flex wp-container-core-columns-is-layout-9d6595d7 wp-block-columns-is-layout-flex\">\n<div class=\"wp-block-column is-layout-flow wp-block-column-is-layout-flow\">\n\n<div id=\"accordeon-block_8db8b2bf8bebe5212ab7c408d4868f88\" class=\"accordeon align-center plus\">\n\t<div class=\"title\">\n\t\t<p><strong>Normes EN 1069+A1<\/strong><\/p>\n\t<\/div>\n\t<div class=\"content\">\n\t\t\n\n<p>La pr\u00e9sente norme sp\u00e9cifie des exigences g\u00e9n\u00e9rales de s\u00e9curit\u00e9 pour les toboggans aquatiques dans les piscines \u00e0 usage public et des exigences sp\u00e9cifiques pour des types d\u00e9finis de toboggans aquatiques. Ces exigences portent sur la s\u00e9curit\u00e9 et les r\u00e8gles techniques de conception, de calcul et d&rsquo;essais.<\/p>\n\n\n\t<\/div>\n<\/div>\n\n\n\n\n<div id=\"accordeon-block_fdd6ab1854041203f53afbdb40d1c834\" class=\"accordeon align-center plus\">\n\t<div class=\"title\">\n\t\t<p><strong>Normes EN 13451 Equipement de piscines<\/strong><\/p>\n\t<\/div>\n\t<div class=\"content\">\n\t\t\n\n<p>Cette norme d\u00e9finit les exigences des \u00e9quipements de piscines publiques et collectives. La principale modification de la norme concerne la r\u00e9sistance au glissement, souvent nomm\u00e9e sous le terme impropre d&rsquo;antid\u00e9rapance<\/p>\n\n\n\t<\/div>\n<\/div>\n<\/div>\n\n\n\n<div class=\"wp-block-column is-layout-flow wp-block-column-is-layout-flow\">\n\n<div id=\"accordeon-block_62a0d4bd41258094f97106f793aa273b\" class=\"accordeon align-center plus\">\n\t<div class=\"title\">\n\t\t<p><strong>Normes EN 1990 Eurocodes structuraux<\/strong><\/p>\n\t<\/div>\n\t<div class=\"content\">\n\t\t\n\n<p>D\u00e9finit des principes et des exigences en mati\u00e8re de s\u00e9curit\u00e9, d&rsquo;aptitude au service et de durabilit\u00e9 des structures, d\u00e9crit les bases pour le dimensionnement et la v\u00e9rification de celles-ci, et fournit des lignes directrices concernant les aspects de la fiabilit\u00e9 structurale qui s&rsquo;y rattachent.<\/p>\n\n\n\t<\/div>\n<\/div>\n\n\n\n\n<div id=\"accordeon-block_404db573e6781782fa57f53284299e28\" class=\"accordeon align-center plus\">\n\t<div class=\"title\">\n\t\t<p><strong>Normes NF EN ISO 1461 rev\u00eatements par galvanisation \u00e0 chaud sur produits finis en fonte et en acier<\/strong><\/p>\n\t<\/div>\n\t<div class=\"content\">\n\t\t\n\n<p>La norme NF EN ISO 1461 (Juillet 2009) d\u00e9finit les propri\u00e9t\u00e9s et caract\u00e9ristiques du rev\u00eatement de galvanisation par immersion de produits finis en fonte et en acier (y compris les pi\u00e8ces moul\u00e9es) dans un bain de zinc (ne contenant pas plus de 2% d&rsquo;autres m\u00e9taux), avec les m\u00e9thodes d&rsquo;essai permettant de contr\u00f4ler l&rsquo;\u00e9paisseur de zinc par unit\u00e9 de surface, l&rsquo;aspect et l&rsquo;adh\u00e9rence et les crit\u00e8res de conformit\u00e9. Elle d\u00e9termine aussi les obligations respectives du client et du galvanisateur.<\/p>\n\n\n\t<\/div>\n<\/div>\n<\/div>\n<\/div>\n\n\n\n<div style=\"height:50px\" aria-hidden=\"true\" class=\"wp-block-spacer\"><\/div>\n\n\n\n<div class=\"wp-block-columns is-layout-flex wp-container-core-columns-is-layout-9d6595d7 wp-block-columns-is-layout-flex\">\n<div class=\"wp-block-column is-layout-flow wp-block-column-is-layout-flow\">\n<h3 class=\"wp-block-heading has-text-align-left\">Pataugeoire<\/h3>\n\n\n\n\n<div id=\"accordeon-block_982bf138cdccf671326dd468f34a734c\" class=\"accordeon align-center plus\">\n\t<div class=\"title\">\n\t\t<p><strong>NF EN 17232 \u00e9quipements et \u00e9l\u00e9ments de jeux aquatiques<\/strong><\/p>\n\t<\/div>\n\t<div class=\"content\">\n\t\t\n\n<p>Sp\u00e9cifie les exigences de s\u00e9curit\u00e9, les m\u00e9thodes d&rsquo;essai et les exigences de fonctionnement des \u00e9quipements, \u00e9l\u00e9ments et structures de jeux aquatiques install\u00e9s : pr\u00e9vus pour le jeu, et dans des zones pr\u00e9vues pour les activit\u00e9s aquatiques \u00e0 usage public (non domestique) , g\u00e9n\u00e9ralement dans des piscines, et o\u00f9 l&rsquo;eau fait partie int\u00e9grante de l&rsquo;utilisation des \u00e9quipements\/\u00e9l\u00e9ments\/structures de jeux. Et s&rsquo;applique \u00e9galement aux aires de jeux aquatiques.<\/p>\n\n\n\t<\/div>\n<\/div>\n<\/div>\n\n\n\n<div class=\"wp-block-column is-layout-flow wp-block-column-is-layout-flow\">\n<h3 class=\"wp-block-heading has-text-align-left\">Structures Gonflables<\/h3>\n\n\n\n\n<div id=\"accordeon-block_bf7c810d98b3b59d96778d4b706df20c\" class=\"accordeon align-center plus\">\n\t<div class=\"title\">\n\t\t<p><strong>Normes EN ISO 25649 articles de loisirs flottants \u00e0 utiliser sur ou dans l&rsquo;eau<\/strong><\/p>\n\t<\/div>\n\t<div class=\"content\">\n\t\t\n\n<p>Sp\u00e9cifie les exigences de s\u00e9curit\u00e9 et les m\u00e9thodes d&rsquo;essai relatives aux mat\u00e9riaux, \u00e0 la s\u00e9curit\u00e9 et aux performances pour les articles de loisirs flottants class\u00e9s pour une utilisation sur ou dans l&rsquo;eau.<\/p>\n\n\n\t<\/div>\n<\/div>\n<\/div>\n<\/div>\n\n\n\n<div style=\"height:50px\" aria-hidden=\"true\" class=\"wp-block-spacer\"><\/div>\n\n\n\n<div class=\"wp-block-columns is-layout-flex wp-container-core-columns-is-layout-9d6595d7 wp-block-columns-is-layout-flex\">\n<div class=\"wp-block-column is-layout-flow wp-block-column-is-layout-flow\">\n<h3 class=\"wp-block-heading has-text-align-left\">Multisports<\/h3>\n\n\n\n\n<div id=\"accordeon-block_fac9b6d20369a3e71317827229fc9728\" class=\"accordeon align-center plus\">\n\t<div class=\"title\">\n\t\t<p><strong>Normes NF EN 15312+A1 \u00e9quipements sportifs en acc\u00e8s libre<\/strong><\/p>\n\t<\/div>\n\t<div class=\"content\">\n\t\t\n\n<p>Normes NF EN 15312+A1 \u00e9quipements sportifs en acc\u00e8s lLa pr\u00e9sente Norme europ\u00e9enne s&rsquo;applique aux \u00e9quipements sportifs en acc\u00e8s libre destin\u00e9s \u00e0 \u00eatre install\u00e9s de mani\u00e8re permanente (et non temporaire), comprenant habituellement, mais pas exclusivement, les \u00e9quipements pour des sports tels que le badminton, le basket-ball, le football, le handball, le hockey, le tennis de table, le tennis, le volley-ball. La pr\u00e9sente Norme europ\u00e9enne sp\u00e9cifie les exigences, y compris de s\u00e9curit\u00e9, pour l&rsquo;\u00e9quipement lui-m\u00eame, pour son installation, son contr\u00f4le et sa maintenance. Elle s&rsquo;applique aux \u00e9quipements sportifs en acc\u00e8s libre destin\u00e9s \u00e0 une utilisation publique, individuelle et collective, principalement par des enfants (de plus de 36 mois) et des adolescents.<\/p>\n\n\n\t<\/div>\n<\/div>\n<\/div>\n\n\n\n<div class=\"wp-block-column is-layout-flow wp-block-column-is-layout-flow\">\n<h3 class=\"wp-block-heading has-text-align-left\">Jeux de plein air et jeux int\u00e9rieurs<\/h3>\n\n\n\n\n<div id=\"accordeon-block_e579ea75fc23458dde33a961da9e17e5\" class=\"accordeon align-center plus\">\n\t<div class=\"title\">\n\t\t<p><strong>Norme EN 1176 \u00e9quipements et sols d&rsquo;aires de jeux<\/strong><\/p>\n\t<\/div>\n\t<div class=\"content\">\n\t\t\n\n<p>Les \u00e9quipements \u00e0 oscillation doivent \u00eatre munis d&rsquo;amortisseurs ou pr\u00e9senter une garde au sol sup\u00e9rieure \u00e0 23 cm. Pour \u00e9viter tout risque de coincement du pied de l&rsquo;utilisateur sous le jeu, si la garde au sol est inf\u00e9rieure \u00e0 23 cm, le jeu doit \u00eatre muni de repose-pieds fixes.<\/p>\n\n\n\t<\/div>\n<\/div>\n<\/div>\n<\/div>\n<\/div><\/div>\n","protected":false},"excerpt":{"rendered":"<p>Edsun est le sp\u00e9cialiste fran\u00e7ais des animations aqualudiques et de plein air pour les campings, les parcs de loisirs et les collectivit\u00e9s. Bas\u00e9 en France et en Espagne, nous concevons des projets sur mesure.Notre objectif est de r\u00e9pondre \u00e0 toutes vos contraintes : profil des utilisateurs, budgets, surfaces disponibles\u2026 Edsun propose des solutions compl\u00e8tes pour [&hellip;]<\/p>\n","protected":false},"author":1,"featured_media":0,"parent":0,"menu_order":0,"comment_status":"closed","ping_status":"closed","template":"","meta":{"_acf_changed":false,"inline_featured_image":false,"footnotes":""},"class_list":["post-1229","page","type-page","status-publish","hentry"],"acf":[],"yoast_head":"<!-- This site is optimized with the Yoast SEO plugin v27.4 - https:\/\/yoast.com\/product\/yoast-seo-wordpress\/ -->\n<title>Notre m\u00e9tier - Edsun : sp\u00e9cialiste toboggans<\/title>\n<meta name=\"description\" content=\"Notre mission : renforcer votre attractivit\u00e9 avec des jeux aquatiques et de plein air. Toboggans, pataugeoires, jeux ext\u00e9rieurs...\" \/>\n<meta name=\"robots\" content=\"index, follow, max-snippet:-1, max-image-preview:large, max-video-preview:-1\" \/>\n<link rel=\"canonical\" href=\"https:\/\/edsunloisirs.com\/fr\/edsun-expert-en-fun-depuis-plus-de-30-ans\/\" \/>\n<meta property=\"og:locale\" content=\"fr_FR\" \/>\n<meta property=\"og:type\" content=\"article\" \/>\n<meta property=\"og:title\" content=\"Notre m\u00e9tier - Edsun : sp\u00e9cialiste toboggans\" \/>\n<meta property=\"og:description\" content=\"Notre mission : renforcer votre attractivit\u00e9 avec des jeux aquatiques et de plein air. Toboggans, pataugeoires, jeux ext\u00e9rieurs...\" \/>\n<meta property=\"og:url\" content=\"https:\/\/edsunloisirs.com\/fr\/edsun-expert-en-fun-depuis-plus-de-30-ans\/\" \/>\n<meta property=\"og:site_name\" content=\"Edsun : sp\u00e9cialiste toboggans\" \/>\n<meta property=\"article:publisher\" content=\"https:\/\/www.facebook.com\/edsunloisirs\/about\/?ref=page_internal\" \/>\n<meta property=\"article:modified_time\" content=\"2026-01-22T16:12:24+00:00\" \/>\n<meta property=\"og:image\" content=\"https:\/\/edsunloisirs.com\/wp-content\/uploads\/vision_polin_turkey.jpg\" \/>\n<meta name=\"twitter:card\" content=\"summary_large_image\" \/>\n<meta name=\"twitter:label1\" content=\"Dur\u00e9e de lecture estim\u00e9e\" \/>\n\t<meta name=\"twitter:data1\" content=\"5 minutes\" \/>\n<script type=\"application\/ld+json\" class=\"yoast-schema-graph\">{\"@context\":\"https:\\\/\\\/schema.org\",\"@graph\":[{\"@type\":\"WebPage\",\"@id\":\"https:\\\/\\\/edsunloisirs.com\\\/fr\\\/edsun-expert-en-fun-depuis-plus-de-30-ans\\\/\",\"url\":\"https:\\\/\\\/edsunloisirs.com\\\/fr\\\/edsun-expert-en-fun-depuis-plus-de-30-ans\\\/\",\"name\":\"Notre m\u00e9tier - Edsun : sp\u00e9cialiste toboggans\",\"isPartOf\":{\"@id\":\"https:\\\/\\\/edsunloisirs.com\\\/fr\\\/#website\"},\"primaryImageOfPage\":{\"@id\":\"https:\\\/\\\/edsunloisirs.com\\\/fr\\\/edsun-expert-en-fun-depuis-plus-de-30-ans\\\/#primaryimage\"},\"image\":{\"@id\":\"https:\\\/\\\/edsunloisirs.com\\\/fr\\\/edsun-expert-en-fun-depuis-plus-de-30-ans\\\/#primaryimage\"},\"thumbnailUrl\":\"https:\\\/\\\/edsunloisirs.com\\\/wp-content\\\/uploads\\\/vision_polin_turkey.jpg\",\"datePublished\":\"2021-09-20T13:26:06+00:00\",\"dateModified\":\"2026-01-22T16:12:24+00:00\",\"description\":\"Notre mission : renforcer votre attractivit\u00e9 avec des jeux aquatiques et de plein air. Toboggans, pataugeoires, jeux ext\u00e9rieurs...\",\"breadcrumb\":{\"@id\":\"https:\\\/\\\/edsunloisirs.com\\\/fr\\\/edsun-expert-en-fun-depuis-plus-de-30-ans\\\/#breadcrumb\"},\"inLanguage\":\"fr-FR\",\"potentialAction\":[{\"@type\":\"ReadAction\",\"target\":[\"https:\\\/\\\/edsunloisirs.com\\\/fr\\\/edsun-expert-en-fun-depuis-plus-de-30-ans\\\/\"]}]},{\"@type\":\"ImageObject\",\"inLanguage\":\"fr-FR\",\"@id\":\"https:\\\/\\\/edsunloisirs.com\\\/fr\\\/edsun-expert-en-fun-depuis-plus-de-30-ans\\\/#primaryimage\",\"url\":\"https:\\\/\\\/edsunloisirs.com\\\/wp-content\\\/uploads\\\/vision_polin_turkey.jpg\",\"contentUrl\":\"https:\\\/\\\/edsunloisirs.com\\\/wp-content\\\/uploads\\\/vision_polin_turkey.jpg\"},{\"@type\":\"BreadcrumbList\",\"@id\":\"https:\\\/\\\/edsunloisirs.com\\\/fr\\\/edsun-expert-en-fun-depuis-plus-de-30-ans\\\/#breadcrumb\",\"itemListElement\":[{\"@type\":\"ListItem\",\"position\":1,\"name\":\"Accueil\",\"item\":\"https:\\\/\\\/edsunloisirs.com\\\/fr\\\/\"},{\"@type\":\"ListItem\",\"position\":2,\"name\":\"Notre m\u00e9tier\"}]},{\"@type\":\"WebSite\",\"@id\":\"https:\\\/\\\/edsunloisirs.com\\\/fr\\\/#website\",\"url\":\"https:\\\/\\\/edsunloisirs.com\\\/fr\\\/\",\"name\":\"Edsun : sp\u00e9cialiste toboggans\",\"description\":\"have fun\",\"publisher\":{\"@id\":\"https:\\\/\\\/edsunloisirs.com\\\/fr\\\/#organization\"},\"potentialAction\":[{\"@type\":\"SearchAction\",\"target\":{\"@type\":\"EntryPoint\",\"urlTemplate\":\"https:\\\/\\\/edsunloisirs.com\\\/fr\\\/?s={search_term_string}\"},\"query-input\":{\"@type\":\"PropertyValueSpecification\",\"valueRequired\":true,\"valueName\":\"search_term_string\"}}],\"inLanguage\":\"fr-FR\"},{\"@type\":\"Organization\",\"@id\":\"https:\\\/\\\/edsunloisirs.com\\\/fr\\\/#organization\",\"name\":\"Edsun\",\"url\":\"https:\\\/\\\/edsunloisirs.com\\\/fr\\\/\",\"logo\":{\"@type\":\"ImageObject\",\"inLanguage\":\"fr-FR\",\"@id\":\"https:\\\/\\\/edsunloisirs.com\\\/fr\\\/#\\\/schema\\\/logo\\\/image\\\/\",\"url\":\"https:\\\/\\\/edsunloisirs.com\\\/wp-content\\\/uploads\\\/edsun_blue.svg\",\"contentUrl\":\"https:\\\/\\\/edsunloisirs.com\\\/wp-content\\\/uploads\\\/edsun_blue.svg\",\"width\":185,\"height\":42,\"caption\":\"Edsun\"},\"image\":{\"@id\":\"https:\\\/\\\/edsunloisirs.com\\\/fr\\\/#\\\/schema\\\/logo\\\/image\\\/\"},\"sameAs\":[\"https:\\\/\\\/www.facebook.com\\\/edsunloisirs\\\/about\\\/?ref=page_internal\",\"https:\\\/\\\/www.instagram.com\\\/edsunloisirs\\\/\",\"https:\\\/\\\/www.linkedin.com\\\/company\\\/edsun-loisirs\"]}]}<\/script>\n<!-- \/ Yoast SEO plugin. -->","yoast_head_json":{"title":"Notre m\u00e9tier - Edsun : sp\u00e9cialiste toboggans","description":"Notre mission : renforcer votre attractivit\u00e9 avec des jeux aquatiques et de plein air. Toboggans, pataugeoires, jeux ext\u00e9rieurs...","robots":{"index":"index","follow":"follow","max-snippet":"max-snippet:-1","max-image-preview":"max-image-preview:large","max-video-preview":"max-video-preview:-1"},"canonical":"https:\/\/edsunloisirs.com\/fr\/edsun-expert-en-fun-depuis-plus-de-30-ans\/","og_locale":"fr_FR","og_type":"article","og_title":"Notre m\u00e9tier - Edsun : sp\u00e9cialiste toboggans","og_description":"Notre mission : renforcer votre attractivit\u00e9 avec des jeux aquatiques et de plein air. Toboggans, pataugeoires, jeux ext\u00e9rieurs...","og_url":"https:\/\/edsunloisirs.com\/fr\/edsun-expert-en-fun-depuis-plus-de-30-ans\/","og_site_name":"Edsun : sp\u00e9cialiste toboggans","article_publisher":"https:\/\/www.facebook.com\/edsunloisirs\/about\/?ref=page_internal","article_modified_time":"2026-01-22T16:12:24+00:00","og_image":[{"url":"https:\/\/edsunloisirs.com\/wp-content\/uploads\/vision_polin_turkey.jpg","type":"","width":"","height":""}],"twitter_card":"summary_large_image","twitter_misc":{"Dur\u00e9e de lecture estim\u00e9e":"5 minutes"},"schema":{"@context":"https:\/\/schema.org","@graph":[{"@type":"WebPage","@id":"https:\/\/edsunloisirs.com\/fr\/edsun-expert-en-fun-depuis-plus-de-30-ans\/","url":"https:\/\/edsunloisirs.com\/fr\/edsun-expert-en-fun-depuis-plus-de-30-ans\/","name":"Notre m\u00e9tier - Edsun : sp\u00e9cialiste toboggans","isPartOf":{"@id":"https:\/\/edsunloisirs.com\/fr\/#website"},"primaryImageOfPage":{"@id":"https:\/\/edsunloisirs.com\/fr\/edsun-expert-en-fun-depuis-plus-de-30-ans\/#primaryimage"},"image":{"@id":"https:\/\/edsunloisirs.com\/fr\/edsun-expert-en-fun-depuis-plus-de-30-ans\/#primaryimage"},"thumbnailUrl":"https:\/\/edsunloisirs.com\/wp-content\/uploads\/vision_polin_turkey.jpg","datePublished":"2021-09-20T13:26:06+00:00","dateModified":"2026-01-22T16:12:24+00:00","description":"Notre mission : renforcer votre attractivit\u00e9 avec des jeux aquatiques et de plein air. Toboggans, pataugeoires, jeux ext\u00e9rieurs...","breadcrumb":{"@id":"https:\/\/edsunloisirs.com\/fr\/edsun-expert-en-fun-depuis-plus-de-30-ans\/#breadcrumb"},"inLanguage":"fr-FR","potentialAction":[{"@type":"ReadAction","target":["https:\/\/edsunloisirs.com\/fr\/edsun-expert-en-fun-depuis-plus-de-30-ans\/"]}]},{"@type":"ImageObject","inLanguage":"fr-FR","@id":"https:\/\/edsunloisirs.com\/fr\/edsun-expert-en-fun-depuis-plus-de-30-ans\/#primaryimage","url":"https:\/\/edsunloisirs.com\/wp-content\/uploads\/vision_polin_turkey.jpg","contentUrl":"https:\/\/edsunloisirs.com\/wp-content\/uploads\/vision_polin_turkey.jpg"},{"@type":"BreadcrumbList","@id":"https:\/\/edsunloisirs.com\/fr\/edsun-expert-en-fun-depuis-plus-de-30-ans\/#breadcrumb","itemListElement":[{"@type":"ListItem","position":1,"name":"Accueil","item":"https:\/\/edsunloisirs.com\/fr\/"},{"@type":"ListItem","position":2,"name":"Notre m\u00e9tier"}]},{"@type":"WebSite","@id":"https:\/\/edsunloisirs.com\/fr\/#website","url":"https:\/\/edsunloisirs.com\/fr\/","name":"Edsun : sp\u00e9cialiste toboggans","description":"have fun","publisher":{"@id":"https:\/\/edsunloisirs.com\/fr\/#organization"},"potentialAction":[{"@type":"SearchAction","target":{"@type":"EntryPoint","urlTemplate":"https:\/\/edsunloisirs.com\/fr\/?s={search_term_string}"},"query-input":{"@type":"PropertyValueSpecification","valueRequired":true,"valueName":"search_term_string"}}],"inLanguage":"fr-FR"},{"@type":"Organization","@id":"https:\/\/edsunloisirs.com\/fr\/#organization","name":"Edsun","url":"https:\/\/edsunloisirs.com\/fr\/","logo":{"@type":"ImageObject","inLanguage":"fr-FR","@id":"https:\/\/edsunloisirs.com\/fr\/#\/schema\/logo\/image\/","url":"https:\/\/edsunloisirs.com\/wp-content\/uploads\/edsun_blue.svg","contentUrl":"https:\/\/edsunloisirs.com\/wp-content\/uploads\/edsun_blue.svg","width":185,"height":42,"caption":"Edsun"},"image":{"@id":"https:\/\/edsunloisirs.com\/fr\/#\/schema\/logo\/image\/"},"sameAs":["https:\/\/www.facebook.com\/edsunloisirs\/about\/?ref=page_internal","https:\/\/www.instagram.com\/edsunloisirs\/","https:\/\/www.linkedin.com\/company\/edsun-loisirs"]}]}},"_links":{"self":[{"href":"https:\/\/edsunloisirs.com\/fr\/wp-json\/wp\/v2\/pages\/1229","targetHints":{"allow":["GET"]}}],"collection":[{"href":"https:\/\/edsunloisirs.com\/fr\/wp-json\/wp\/v2\/pages"}],"about":[{"href":"https:\/\/edsunloisirs.com\/fr\/wp-json\/wp\/v2\/types\/page"}],"author":[{"embeddable":true,"href":"https:\/\/edsunloisirs.com\/fr\/wp-json\/wp\/v2\/users\/1"}],"replies":[{"embeddable":true,"href":"https:\/\/edsunloisirs.com\/fr\/wp-json\/wp\/v2\/comments?post=1229"}],"version-history":[{"count":7,"href":"https:\/\/edsunloisirs.com\/fr\/wp-json\/wp\/v2\/pages\/1229\/revisions"}],"predecessor-version":[{"id":8335,"href":"https:\/\/edsunloisirs.com\/fr\/wp-json\/wp\/v2\/pages\/1229\/revisions\/8335"}],"wp:attachment":[{"href":"https:\/\/edsunloisirs.com\/fr\/wp-json\/wp\/v2\/media?parent=1229"}],"curies":[{"name":"wp","href":"https:\/\/api.w.org\/{rel}","templated":true}]}}