{"id":915,"date":"2021-09-13T14:30:17","date_gmt":"2021-09-13T12:30:17","guid":{"rendered":"https:\/\/edsunloisirs.com\/?page_id=915"},"modified":"2024-01-31T14:04:04","modified_gmt":"2024-01-31T13:04:04","slug":"portfolio","status":"publish","type":"page","link":"https:\/\/edsunloisirs.com\/es\/portfolio\/","title":{"rendered":"Nuestras realizaciones"},"content":{"rendered":"\n<p class=\"has-text-align-center\">Toboganes, parques infantiles, piscinas infantiles\u2026 nuestras propuestas est\u00e1n a la altura de tus ambiciones y siempre respetamos tu presupuesto. Veamos algunas im\u00e1genes: suelen ser m\u00e1s expl\u00edcitas que un largo discurso.<\/p>\n","protected":false},"excerpt":{"rendered":"<p>Toboganes, parques infantiles, piscinas infantiles\u2026 nuestras propuestas est\u00e1n a la altura de tus ambiciones y siempre respetamos tu presupuesto. Veamos algunas im\u00e1genes: suelen ser m\u00e1s expl\u00edcitas que un largo discurso.<\/p>\n","protected":false},"author":1,"featured_media":0,"parent":0,"menu_order":0,"comment_status":"closed","ping_status":"closed","template":"","meta":{"_acf_changed":false,"inline_featured_image":false,"footnotes":""},"class_list":["post-915","page","type-page","status-publish","hentry"],"acf":[],"yoast_head":"<!-- This site is optimized with the Yoast SEO plugin v27.0 - https:\/\/yoast.com\/product\/yoast-seo-wordpress\/ -->\n<title>Nuestras realizaciones - Edsun : sp\u00e9cialiste toboggans<\/title>\n<meta name=\"description\" content=\"Toboganes, parques infantiles, piscinas infantiles\u2026 nuestras propuestas est\u00e1n a la altura de tus ambiciones y siempre respetamos tu presupuesto. Veamos Realizaciones toboganes acu\u00e1ticos\" \/>\n<meta name=\"robots\" content=\"index, follow, max-snippet:-1, max-image-preview:large, max-video-preview:-1\" \/>\n<link rel=\"canonical\" href=\"https:\/\/edsunloisirs.com\/es\/portfolio\/\" \/>\n<meta property=\"og:locale\" content=\"es_ES\" \/>\n<meta property=\"og:type\" content=\"article\" \/>\n<meta property=\"og:title\" content=\"Nuestras realizaciones - Edsun : sp\u00e9cialiste toboggans\" \/>\n<meta property=\"og:description\" content=\"Toboganes, parques infantiles, piscinas infantiles\u2026 nuestras propuestas est\u00e1n a la altura de tus ambiciones y siempre respetamos tu presupuesto. Veamos Realizaciones toboganes acu\u00e1ticos\" \/>\n<meta property=\"og:url\" content=\"https:\/\/edsunloisirs.com\/es\/portfolio\/\" \/>\n<meta property=\"og:site_name\" content=\"Edsun : sp\u00e9cialiste toboggans\" \/>\n<meta property=\"article:publisher\" content=\"https:\/\/www.facebook.com\/edsunloisirs\/about\/?ref=page_internal\" \/>\n<meta property=\"article:modified_time\" content=\"2024-01-31T13:04:04+00:00\" \/>\n<meta name=\"twitter:card\" content=\"summary_large_image\" \/>\n<meta name=\"twitter:label1\" content=\"Tiempo de lectura\" \/>\n\t<meta name=\"twitter:data1\" content=\"1 minuto\" \/>\n<script type=\"application\/ld+json\" class=\"yoast-schema-graph\">{\"@context\":\"https:\/\/schema.org\",\"@graph\":[{\"@type\":\"WebPage\",\"@id\":\"https:\/\/edsunloisirs.com\/es\/portfolio\/\",\"url\":\"https:\/\/edsunloisirs.com\/es\/portfolio\/\",\"name\":\"Nuestras realizaciones - Edsun : sp\u00e9cialiste toboggans\",\"isPartOf\":{\"@id\":\"https:\/\/edsunloisirs.com\/es\/#website\"},\"datePublished\":\"2021-09-13T12:30:17+00:00\",\"dateModified\":\"2024-01-31T13:04:04+00:00\",\"description\":\"Toboganes, parques infantiles, piscinas infantiles\u2026 nuestras propuestas est\u00e1n a la altura de tus ambiciones y siempre respetamos tu presupuesto. Veamos Realizaciones toboganes acu\u00e1ticos\",\"breadcrumb\":{\"@id\":\"https:\/\/edsunloisirs.com\/es\/portfolio\/#breadcrumb\"},\"inLanguage\":\"es\",\"potentialAction\":[{\"@type\":\"ReadAction\",\"target\":[\"https:\/\/edsunloisirs.com\/es\/portfolio\/\"]}]},{\"@type\":\"BreadcrumbList\",\"@id\":\"https:\/\/edsunloisirs.com\/es\/portfolio\/#breadcrumb\",\"itemListElement\":[{\"@type\":\"ListItem\",\"position\":1,\"name\":\"Inicio\",\"item\":\"https:\/\/edsunloisirs.com\/es\/\"},{\"@type\":\"ListItem\",\"position\":2,\"name\":\"Nuestras realizaciones\"}]},{\"@type\":\"WebSite\",\"@id\":\"https:\/\/edsunloisirs.com\/es\/#website\",\"url\":\"https:\/\/edsunloisirs.com\/es\/\",\"name\":\"Edsun : sp\u00e9cialiste toboggans\",\"description\":\"have fun\",\"publisher\":{\"@id\":\"https:\/\/edsunloisirs.com\/es\/#organization\"},\"potentialAction\":[{\"@type\":\"SearchAction\",\"target\":{\"@type\":\"EntryPoint\",\"urlTemplate\":\"https:\/\/edsunloisirs.com\/es\/?s={search_term_string}\"},\"query-input\":{\"@type\":\"PropertyValueSpecification\",\"valueRequired\":true,\"valueName\":\"search_term_string\"}}],\"inLanguage\":\"es\"},{\"@type\":\"Organization\",\"@id\":\"https:\/\/edsunloisirs.com\/es\/#organization\",\"name\":\"Edsun\",\"url\":\"https:\/\/edsunloisirs.com\/es\/\",\"logo\":{\"@type\":\"ImageObject\",\"inLanguage\":\"es\",\"@id\":\"https:\/\/edsunloisirs.com\/es\/#\/schema\/logo\/image\/\",\"url\":\"https:\/\/edsunloisirs.com\/wp-content\/uploads\/edsun_blue.svg\",\"contentUrl\":\"https:\/\/edsunloisirs.com\/wp-content\/uploads\/edsun_blue.svg\",\"width\":185,\"height\":42,\"caption\":\"Edsun\"},\"image\":{\"@id\":\"https:\/\/edsunloisirs.com\/es\/#\/schema\/logo\/image\/\"},\"sameAs\":[\"https:\/\/www.facebook.com\/edsunloisirs\/about\/?ref=page_internal\",\"https:\/\/www.instagram.com\/edsunloisirs\/\",\"https:\/\/www.linkedin.com\/company\/edsun-loisirs\"]}]}<\/script>\n<!-- \/ Yoast SEO plugin. -->","yoast_head_json":{"title":"Nuestras realizaciones - Edsun : sp\u00e9cialiste toboggans","description":"Toboganes, parques infantiles, piscinas infantiles\u2026 nuestras propuestas est\u00e1n a la altura de tus ambiciones y siempre respetamos tu presupuesto. Veamos Realizaciones toboganes acu\u00e1ticos","robots":{"index":"index","follow":"follow","max-snippet":"max-snippet:-1","max-image-preview":"max-image-preview:large","max-video-preview":"max-video-preview:-1"},"canonical":"https:\/\/edsunloisirs.com\/es\/portfolio\/","og_locale":"es_ES","og_type":"article","og_title":"Nuestras realizaciones - Edsun : sp\u00e9cialiste toboggans","og_description":"Toboganes, parques infantiles, piscinas infantiles\u2026 nuestras propuestas est\u00e1n a la altura de tus ambiciones y siempre respetamos tu presupuesto. Veamos Realizaciones toboganes acu\u00e1ticos","og_url":"https:\/\/edsunloisirs.com\/es\/portfolio\/","og_site_name":"Edsun : sp\u00e9cialiste toboggans","article_publisher":"https:\/\/www.facebook.com\/edsunloisirs\/about\/?ref=page_internal","article_modified_time":"2024-01-31T13:04:04+00:00","twitter_card":"summary_large_image","twitter_misc":{"Tiempo de lectura":"1 minuto"},"schema":{"@context":"https:\/\/schema.org","@graph":[{"@type":"WebPage","@id":"https:\/\/edsunloisirs.com\/es\/portfolio\/","url":"https:\/\/edsunloisirs.com\/es\/portfolio\/","name":"Nuestras realizaciones - Edsun : sp\u00e9cialiste toboggans","isPartOf":{"@id":"https:\/\/edsunloisirs.com\/es\/#website"},"datePublished":"2021-09-13T12:30:17+00:00","dateModified":"2024-01-31T13:04:04+00:00","description":"Toboganes, parques infantiles, piscinas infantiles\u2026 nuestras propuestas est\u00e1n a la altura de tus ambiciones y siempre respetamos tu presupuesto. Veamos Realizaciones toboganes acu\u00e1ticos","breadcrumb":{"@id":"https:\/\/edsunloisirs.com\/es\/portfolio\/#breadcrumb"},"inLanguage":"es","potentialAction":[{"@type":"ReadAction","target":["https:\/\/edsunloisirs.com\/es\/portfolio\/"]}]},{"@type":"BreadcrumbList","@id":"https:\/\/edsunloisirs.com\/es\/portfolio\/#breadcrumb","itemListElement":[{"@type":"ListItem","position":1,"name":"Inicio","item":"https:\/\/edsunloisirs.com\/es\/"},{"@type":"ListItem","position":2,"name":"Nuestras realizaciones"}]},{"@type":"WebSite","@id":"https:\/\/edsunloisirs.com\/es\/#website","url":"https:\/\/edsunloisirs.com\/es\/","name":"Edsun : sp\u00e9cialiste toboggans","description":"have fun","publisher":{"@id":"https:\/\/edsunloisirs.com\/es\/#organization"},"potentialAction":[{"@type":"SearchAction","target":{"@type":"EntryPoint","urlTemplate":"https:\/\/edsunloisirs.com\/es\/?s={search_term_string}"},"query-input":{"@type":"PropertyValueSpecification","valueRequired":true,"valueName":"search_term_string"}}],"inLanguage":"es"},{"@type":"Organization","@id":"https:\/\/edsunloisirs.com\/es\/#organization","name":"Edsun","url":"https:\/\/edsunloisirs.com\/es\/","logo":{"@type":"ImageObject","inLanguage":"es","@id":"https:\/\/edsunloisirs.com\/es\/#\/schema\/logo\/image\/","url":"https:\/\/edsunloisirs.com\/wp-content\/uploads\/edsun_blue.svg","contentUrl":"https:\/\/edsunloisirs.com\/wp-content\/uploads\/edsun_blue.svg","width":185,"height":42,"caption":"Edsun"},"image":{"@id":"https:\/\/edsunloisirs.com\/es\/#\/schema\/logo\/image\/"},"sameAs":["https:\/\/www.facebook.com\/edsunloisirs\/about\/?ref=page_internal","https:\/\/www.instagram.com\/edsunloisirs\/","https:\/\/www.linkedin.com\/company\/edsun-loisirs"]}]}},"_links":{"self":[{"href":"https:\/\/edsunloisirs.com\/es\/wp-json\/wp\/v2\/pages\/915","targetHints":{"allow":["GET"]}}],"collection":[{"href":"https:\/\/edsunloisirs.com\/es\/wp-json\/wp\/v2\/pages"}],"about":[{"href":"https:\/\/edsunloisirs.com\/es\/wp-json\/wp\/v2\/types\/page"}],"author":[{"embeddable":true,"href":"https:\/\/edsunloisirs.com\/es\/wp-json\/wp\/v2\/users\/1"}],"replies":[{"embeddable":true,"href":"https:\/\/edsunloisirs.com\/es\/wp-json\/wp\/v2\/comments?post=915"}],"version-history":[{"count":1,"href":"https:\/\/edsunloisirs.com\/es\/wp-json\/wp\/v2\/pages\/915\/revisions"}],"predecessor-version":[{"id":5857,"href":"https:\/\/edsunloisirs.com\/es\/wp-json\/wp\/v2\/pages\/915\/revisions\/5857"}],"wp:attachment":[{"href":"https:\/\/edsunloisirs.com\/es\/wp-json\/wp\/v2\/media?parent=915"}],"curies":[{"name":"wp","href":"https:\/\/api.w.org\/{rel}","templated":true}]}}