{"id":913,"date":"2021-09-13T14:29:57","date_gmt":"2021-09-13T12:29:57","guid":{"rendered":"https:\/\/edsunloisirs.com\/?page_id=913"},"modified":"2024-01-31T14:05:18","modified_gmt":"2024-01-31T13:05:18","slug":"producto","status":"publish","type":"page","link":"https:\/\/edsunloisirs.com\/es\/producto\/","title":{"rendered":"Nuestros productos"},"content":{"rendered":"<p><!-- Google Tag Manager --><br>\n<script>(function(w,d,s,l,i){w[l]=w[l]||[];w[l].push({'gtm.start':<br \/>\nnew Date().getTime(),event:'gtm.js'});var f=d.getElementsByTagName(s)[0],<br \/>\nj=d.createElement(s),dl=l!='dataLayer'?'&l='+l:'';j.async=true;j.src=<br \/>\n'https:\/\/www.googletagmanager.com\/gtm.js?id='+i+dl;f.parentNode.insertBefore(j,f);<br \/>\n})(window,document,'script','dataLayer','GTM-K5SJK3V');<\/script><br>\n<!-- End Google Tag Manager --><\/p>\n\n\n<p class=\"has-text-align-center\"><p class=\"has-text-align-center\">Campings, parques acu\u00e1ticos, zonas de ocio, comunidades\u2026 Seguro que tenemos el producto o la soluci\u00f3n que cumplir\u00e1 tus expectativas y entusiasmar\u00e1 a tus visitantes grandes y peque\u00f1os.<\/p>\n\n<!-- Google Tag Manager (noscript) -->\n<noscript><iframe loading=\"lazy\" src=\"https:\/\/www.googletagmanager.com\/ns.html?id=GTM-K5SJK3V\" height=\"0\" width=\"0\" style=\"display:none;visibility:hidden\"><\/iframe><\/noscript>\n<!-- End Google Tag Manager (noscript) --><\/p>\n","protected":false},"excerpt":{"rendered":"<p>Campings, parques acu\u00e1ticos, zonas de ocio, comunidades\u2026 Seguro que tenemos el producto o la soluci\u00f3n que cumplir\u00e1 tus expectativas y entusiasmar\u00e1 a tus visitantes grandes y peque\u00f1os.<\/p>\n","protected":false},"author":1,"featured_media":0,"parent":0,"menu_order":0,"comment_status":"closed","ping_status":"closed","template":"","meta":{"_acf_changed":false,"inline_featured_image":false,"footnotes":""},"class_list":["post-913","page","type-page","status-publish","hentry"],"acf":[],"yoast_head":"<!-- This site is optimized with the Yoast SEO plugin v27.0 - https:\/\/yoast.com\/product\/yoast-seo-wordpress\/ -->\n<title>Nuestros productos - Edsun : sp\u00e9cialiste toboggans<\/title>\n<meta name=\"description\" content=\"Campings, parques acu\u00e1ticos, zonas de ocio, comunidades\u2026 Seguro que tenemos el producto o la soluci\u00f3n que cumplir\u00e1 tus expectativas y entusiasmar\u00e1 a tus Productos acu\u00e1ticos de campings\" \/>\n<meta name=\"robots\" content=\"index, follow, max-snippet:-1, max-image-preview:large, max-video-preview:-1\" \/>\n<link rel=\"canonical\" href=\"https:\/\/edsunloisirs.com\/es\/producto\/\" \/>\n<meta property=\"og:locale\" content=\"es_ES\" \/>\n<meta property=\"og:type\" content=\"article\" \/>\n<meta property=\"og:title\" content=\"Nuestros productos - Edsun : sp\u00e9cialiste toboggans\" \/>\n<meta property=\"og:description\" content=\"Campings, parques acu\u00e1ticos, zonas de ocio, comunidades\u2026 Seguro que tenemos el producto o la soluci\u00f3n que cumplir\u00e1 tus expectativas y entusiasmar\u00e1 a tus Productos acu\u00e1ticos de campings\" \/>\n<meta property=\"og:url\" content=\"https:\/\/edsunloisirs.com\/es\/producto\/\" \/>\n<meta property=\"og:site_name\" content=\"Edsun : sp\u00e9cialiste toboggans\" \/>\n<meta property=\"article:publisher\" content=\"https:\/\/www.facebook.com\/edsunloisirs\/about\/?ref=page_internal\" \/>\n<meta property=\"article:modified_time\" content=\"2024-01-31T13:05:18+00:00\" \/>\n<meta name=\"twitter:card\" content=\"summary_large_image\" \/>\n<meta name=\"twitter:label1\" content=\"Tiempo de lectura\" \/>\n\t<meta name=\"twitter:data1\" content=\"1 minuto\" \/>\n<script type=\"application\/ld+json\" class=\"yoast-schema-graph\">{\"@context\":\"https:\/\/schema.org\",\"@graph\":[{\"@type\":\"WebPage\",\"@id\":\"https:\/\/edsunloisirs.com\/es\/producto\/\",\"url\":\"https:\/\/edsunloisirs.com\/es\/producto\/\",\"name\":\"Nuestros productos - Edsun : sp\u00e9cialiste toboggans\",\"isPartOf\":{\"@id\":\"https:\/\/edsunloisirs.com\/es\/#website\"},\"datePublished\":\"2021-09-13T12:29:57+00:00\",\"dateModified\":\"2024-01-31T13:05:18+00:00\",\"description\":\"Campings, parques acu\u00e1ticos, zonas de ocio, comunidades\u2026 Seguro que tenemos el producto o la soluci\u00f3n que cumplir\u00e1 tus expectativas y entusiasmar\u00e1 a tus Productos acu\u00e1ticos de campings\",\"breadcrumb\":{\"@id\":\"https:\/\/edsunloisirs.com\/es\/producto\/#breadcrumb\"},\"inLanguage\":\"es\",\"potentialAction\":[{\"@type\":\"ReadAction\",\"target\":[\"https:\/\/edsunloisirs.com\/es\/producto\/\"]}]},{\"@type\":\"BreadcrumbList\",\"@id\":\"https:\/\/edsunloisirs.com\/es\/producto\/#breadcrumb\",\"itemListElement\":[{\"@type\":\"ListItem\",\"position\":1,\"name\":\"Inicio\",\"item\":\"https:\/\/edsunloisirs.com\/es\/\"},{\"@type\":\"ListItem\",\"position\":2,\"name\":\"Nuestros productos\"}]},{\"@type\":\"WebSite\",\"@id\":\"https:\/\/edsunloisirs.com\/es\/#website\",\"url\":\"https:\/\/edsunloisirs.com\/es\/\",\"name\":\"Edsun : sp\u00e9cialiste toboggans\",\"description\":\"have fun\",\"publisher\":{\"@id\":\"https:\/\/edsunloisirs.com\/es\/#organization\"},\"potentialAction\":[{\"@type\":\"SearchAction\",\"target\":{\"@type\":\"EntryPoint\",\"urlTemplate\":\"https:\/\/edsunloisirs.com\/es\/?s={search_term_string}\"},\"query-input\":{\"@type\":\"PropertyValueSpecification\",\"valueRequired\":true,\"valueName\":\"search_term_string\"}}],\"inLanguage\":\"es\"},{\"@type\":\"Organization\",\"@id\":\"https:\/\/edsunloisirs.com\/es\/#organization\",\"name\":\"Edsun\",\"url\":\"https:\/\/edsunloisirs.com\/es\/\",\"logo\":{\"@type\":\"ImageObject\",\"inLanguage\":\"es\",\"@id\":\"https:\/\/edsunloisirs.com\/es\/#\/schema\/logo\/image\/\",\"url\":\"https:\/\/edsunloisirs.com\/wp-content\/uploads\/edsun_blue.svg\",\"contentUrl\":\"https:\/\/edsunloisirs.com\/wp-content\/uploads\/edsun_blue.svg\",\"width\":185,\"height\":42,\"caption\":\"Edsun\"},\"image\":{\"@id\":\"https:\/\/edsunloisirs.com\/es\/#\/schema\/logo\/image\/\"},\"sameAs\":[\"https:\/\/www.facebook.com\/edsunloisirs\/about\/?ref=page_internal\",\"https:\/\/www.instagram.com\/edsunloisirs\/\",\"https:\/\/www.linkedin.com\/company\/edsun-loisirs\"]}]}<\/script>\n<!-- \/ Yoast SEO plugin. -->","yoast_head_json":{"title":"Nuestros productos - Edsun : sp\u00e9cialiste toboggans","description":"Campings, parques acu\u00e1ticos, zonas de ocio, comunidades\u2026 Seguro que tenemos el producto o la soluci\u00f3n que cumplir\u00e1 tus expectativas y entusiasmar\u00e1 a tus Productos acu\u00e1ticos de campings","robots":{"index":"index","follow":"follow","max-snippet":"max-snippet:-1","max-image-preview":"max-image-preview:large","max-video-preview":"max-video-preview:-1"},"canonical":"https:\/\/edsunloisirs.com\/es\/producto\/","og_locale":"es_ES","og_type":"article","og_title":"Nuestros productos - Edsun : sp\u00e9cialiste toboggans","og_description":"Campings, parques acu\u00e1ticos, zonas de ocio, comunidades\u2026 Seguro que tenemos el producto o la soluci\u00f3n que cumplir\u00e1 tus expectativas y entusiasmar\u00e1 a tus Productos acu\u00e1ticos de campings","og_url":"https:\/\/edsunloisirs.com\/es\/producto\/","og_site_name":"Edsun : sp\u00e9cialiste toboggans","article_publisher":"https:\/\/www.facebook.com\/edsunloisirs\/about\/?ref=page_internal","article_modified_time":"2024-01-31T13:05:18+00:00","twitter_card":"summary_large_image","twitter_misc":{"Tiempo de lectura":"1 minuto"},"schema":{"@context":"https:\/\/schema.org","@graph":[{"@type":"WebPage","@id":"https:\/\/edsunloisirs.com\/es\/producto\/","url":"https:\/\/edsunloisirs.com\/es\/producto\/","name":"Nuestros productos - Edsun : sp\u00e9cialiste toboggans","isPartOf":{"@id":"https:\/\/edsunloisirs.com\/es\/#website"},"datePublished":"2021-09-13T12:29:57+00:00","dateModified":"2024-01-31T13:05:18+00:00","description":"Campings, parques acu\u00e1ticos, zonas de ocio, comunidades\u2026 Seguro que tenemos el producto o la soluci\u00f3n que cumplir\u00e1 tus expectativas y entusiasmar\u00e1 a tus Productos acu\u00e1ticos de campings","breadcrumb":{"@id":"https:\/\/edsunloisirs.com\/es\/producto\/#breadcrumb"},"inLanguage":"es","potentialAction":[{"@type":"ReadAction","target":["https:\/\/edsunloisirs.com\/es\/producto\/"]}]},{"@type":"BreadcrumbList","@id":"https:\/\/edsunloisirs.com\/es\/producto\/#breadcrumb","itemListElement":[{"@type":"ListItem","position":1,"name":"Inicio","item":"https:\/\/edsunloisirs.com\/es\/"},{"@type":"ListItem","position":2,"name":"Nuestros productos"}]},{"@type":"WebSite","@id":"https:\/\/edsunloisirs.com\/es\/#website","url":"https:\/\/edsunloisirs.com\/es\/","name":"Edsun : sp\u00e9cialiste toboggans","description":"have fun","publisher":{"@id":"https:\/\/edsunloisirs.com\/es\/#organization"},"potentialAction":[{"@type":"SearchAction","target":{"@type":"EntryPoint","urlTemplate":"https:\/\/edsunloisirs.com\/es\/?s={search_term_string}"},"query-input":{"@type":"PropertyValueSpecification","valueRequired":true,"valueName":"search_term_string"}}],"inLanguage":"es"},{"@type":"Organization","@id":"https:\/\/edsunloisirs.com\/es\/#organization","name":"Edsun","url":"https:\/\/edsunloisirs.com\/es\/","logo":{"@type":"ImageObject","inLanguage":"es","@id":"https:\/\/edsunloisirs.com\/es\/#\/schema\/logo\/image\/","url":"https:\/\/edsunloisirs.com\/wp-content\/uploads\/edsun_blue.svg","contentUrl":"https:\/\/edsunloisirs.com\/wp-content\/uploads\/edsun_blue.svg","width":185,"height":42,"caption":"Edsun"},"image":{"@id":"https:\/\/edsunloisirs.com\/es\/#\/schema\/logo\/image\/"},"sameAs":["https:\/\/www.facebook.com\/edsunloisirs\/about\/?ref=page_internal","https:\/\/www.instagram.com\/edsunloisirs\/","https:\/\/www.linkedin.com\/company\/edsun-loisirs"]}]}},"_links":{"self":[{"href":"https:\/\/edsunloisirs.com\/es\/wp-json\/wp\/v2\/pages\/913","targetHints":{"allow":["GET"]}}],"collection":[{"href":"https:\/\/edsunloisirs.com\/es\/wp-json\/wp\/v2\/pages"}],"about":[{"href":"https:\/\/edsunloisirs.com\/es\/wp-json\/wp\/v2\/types\/page"}],"author":[{"embeddable":true,"href":"https:\/\/edsunloisirs.com\/es\/wp-json\/wp\/v2\/users\/1"}],"replies":[{"embeddable":true,"href":"https:\/\/edsunloisirs.com\/es\/wp-json\/wp\/v2\/comments?post=913"}],"version-history":[{"count":1,"href":"https:\/\/edsunloisirs.com\/es\/wp-json\/wp\/v2\/pages\/913\/revisions"}],"predecessor-version":[{"id":5858,"href":"https:\/\/edsunloisirs.com\/es\/wp-json\/wp\/v2\/pages\/913\/revisions\/5858"}],"wp:attachment":[{"href":"https:\/\/edsunloisirs.com\/es\/wp-json\/wp\/v2\/media?parent=913"}],"curies":[{"name":"wp","href":"https:\/\/api.w.org\/{rel}","templated":true}]}}