{"id":8346,"date":"2026-01-22T17:29:24","date_gmt":"2026-01-22T16:29:24","guid":{"rendered":"https:\/\/edsunloisirs.com\/?page_id=8346"},"modified":"2026-01-22T17:29:27","modified_gmt":"2026-01-22T16:29:27","slug":"nuestra-historia","status":"publish","type":"page","link":"https:\/\/edsunloisirs.com\/es\/nuestra-historia\/","title":{"rendered":"Nuestra historia"},"content":{"rendered":"\n<div class=\"wp-block-columns has-background is-layout-flex wp-container-core-columns-is-layout-9d6595d7 wp-block-columns-is-layout-flex\" style=\"background-color:#fedd5c\">\n<div class=\"wp-block-column is-vertically-aligned-center is-layout-flow wp-block-column-is-layout-flow\" style=\"flex-basis:33.33%\">\n<h1 class=\"wp-block-heading has-text-align-center has-text-color\" style=\"color:#ffcb04;font-size:100px\">1992<\/h1>\n<\/div>\n\n\n\n<div class=\"wp-block-column is-layout-flow wp-block-column-is-layout-flow\"><\/div>\n\n\n\n<div class=\"wp-block-column is-vertically-aligned-center is-layout-flow wp-block-column-is-layout-flow\" style=\"flex-basis:66.66%\">\n<p>La empresa Edsun Loisirs fue fundada por Edmond LOLLIOT. Quer\u00eda equipar su propia piscina con un tobog\u00e1n acu\u00e1tico, pero al no encontrar ninguno, tuvo la idea de desarrollar un producto que pudiera ser solicitado por profesionales.<\/p>\n\n\n\n<p>Esboz\u00f3 los est\u00e1ndares de los <strong>toboganes Edsun, <\/strong>dise\u00f1\u00f3 varias gamas de productos y mand\u00f3 fabricar las piezas en una empresa de Vend\u00e9e, PIV, que entonces estaba dirigida por Daniel ROBIN.<\/p>\n<\/div>\n<\/div>\n\n\n\n<div class=\"wp-block-columns has-background is-layout-flex wp-container-core-columns-is-layout-9d6595d7 wp-block-columns-is-layout-flex\" style=\"background-color:#6c7991\">\n<div class=\"wp-block-column is-vertically-aligned-center is-layout-flow wp-block-column-is-layout-flow\" style=\"flex-basis:33.33%\">\n<h1 class=\"wp-block-heading has-text-align-center has-dark-blue-color has-text-color\" style=\"font-size:100px\">1995<\/h1>\n<\/div>\n\n\n\n<div class=\"wp-block-column is-layout-flow wp-block-column-is-layout-flow\"><\/div>\n\n\n\n<div class=\"wp-block-column is-vertically-aligned-center is-layout-flow wp-block-column-is-layout-flow\" style=\"flex-basis:66.66%\">\n<p class=\"has-white-color has-text-color\">Daniel ROBIN acquired the company to develop the commercial potential of these products.<\/p>\n\n\n\n<p class=\"has-white-color has-text-color\">El reto se super\u00f3, y esta adquisici\u00f3n permiti\u00f3 inicialmente que Edsun Loisirs entrara en el mercado de los campings de Vend\u00e9e. A petici\u00f3n de los clientes, la empresa decidi\u00f3 ampliar su actividad hacia los toboganes acu\u00e1ticos y luego hacia los juegos de exterior. Posteriormente, estableci\u00f3 una asociaci\u00f3n con la empresa Ext\u00e9bois, ubicada en Deux-S\u00e8vres. Edsun Loisirs comenz\u00f3 en una casa en Les Landes Genusson con algunos planos en papel, un ordenador, un tel\u00e9fono y, sobre todo, \u00a1muchas ganas de trabajar!<\/p>\n<\/div>\n<\/div>\n\n\n\n<div class=\"wp-block-columns &lt;border&gt; has-white-background-color has-background is-layout-flex wp-container-core-columns-is-layout-9d6595d7 wp-block-columns-is-layout-flex\">\n<div class=\"wp-block-column is-vertically-aligned-center is-layout-flow wp-block-column-is-layout-flow\" style=\"flex-basis:33.33%\">\n<h1 class=\"wp-block-heading has-text-align-center has-green-color has-text-color\" style=\"font-size:100px\">2004<\/h1>\n<\/div>\n\n\n\n<div class=\"wp-block-column is-layout-flow wp-block-column-is-layout-flow\"><\/div>\n\n\n\n<div class=\"wp-block-column is-vertically-aligned-center is-layout-flow wp-block-column-is-layout-flow\" style=\"flex-basis:66.66%\">\n<p><strong>Emmanuel ROBIN, hijo de Daniel ROBIN, se incorpor\u00f3 a la empresa.<\/strong><\/p>\n\n\n\n<p>Atentos a las tendencias y a las demandas de los propietarios de campings, establecieron en 2005 una asociaci\u00f3n con la marca turca Polin Waterparks para ofrecer a los clientes toboganes acu\u00e1ticos llenos de emoci\u00f3n.<\/p>\n\n\n\n<p>En 2012, Emmanuel asumi\u00f3 la direcci\u00f3n de Edsun Loisirs con el objetivo de destacar la noci\u00f3n de servicio y soluciones a medida, y de orientar a Edsun hacia una promesa de originalidad y calidad. Hoy, la marca Edsun consolida su posici\u00f3n de l\u00edder en el mercado franc\u00e9s de toboganes acu\u00e1ticos y se est\u00e1 expandiendo al mercado europeo.<\/p>\n<\/div>\n<\/div>\n","protected":false},"excerpt":{"rendered":"<p>1992 La empresa Edsun Loisirs fue fundada por Edmond LOLLIOT. Quer\u00eda equipar su propia piscina con un tobog\u00e1n acu\u00e1tico, pero al no encontrar ninguno, tuvo la idea de desarrollar un producto que pudiera ser solicitado por profesionales. Esboz\u00f3 los est\u00e1ndares de los toboganes Edsun, dise\u00f1\u00f3 varias gamas de productos y mand\u00f3 fabricar las piezas en [&hellip;]<\/p>\n","protected":false},"author":7,"featured_media":0,"parent":0,"menu_order":0,"comment_status":"closed","ping_status":"closed","template":"","meta":{"_acf_changed":false,"inline_featured_image":false,"footnotes":""},"class_list":["post-8346","page","type-page","status-publish","hentry"],"acf":[],"yoast_head":"<!-- This site is optimized with the Yoast SEO plugin v27.0 - https:\/\/yoast.com\/product\/yoast-seo-wordpress\/ -->\n<title>Nuestra historia - Edsun : sp\u00e9cialiste toboggans<\/title>\n<meta name=\"description\" content=\"1992 La empresa Edsun Loisirs fue fundada por Edmond LOLLIOT. Quer\u00eda equipar su propia piscina con un tobog\u00e1n acu\u00e1tico, pero al no encontrar ninguno, tuvo\" \/>\n<meta name=\"robots\" content=\"index, follow, max-snippet:-1, max-image-preview:large, max-video-preview:-1\" \/>\n<link rel=\"canonical\" href=\"https:\/\/edsunloisirs.com\/es\/nuestra-historia\/\" \/>\n<meta property=\"og:locale\" content=\"es_ES\" \/>\n<meta property=\"og:type\" content=\"article\" \/>\n<meta property=\"og:title\" content=\"Nuestra historia - Edsun : sp\u00e9cialiste toboggans\" \/>\n<meta property=\"og:description\" content=\"1992 La empresa Edsun Loisirs fue fundada por Edmond LOLLIOT. Quer\u00eda equipar su propia piscina con un tobog\u00e1n acu\u00e1tico, pero al no encontrar ninguno, tuvo\" \/>\n<meta property=\"og:url\" content=\"https:\/\/edsunloisirs.com\/es\/nuestra-historia\/\" \/>\n<meta property=\"og:site_name\" content=\"Edsun : sp\u00e9cialiste toboggans\" \/>\n<meta property=\"article:publisher\" content=\"https:\/\/www.facebook.com\/edsunloisirs\/about\/?ref=page_internal\" \/>\n<meta property=\"article:modified_time\" content=\"2026-01-22T16:29:27+00:00\" \/>\n<meta name=\"twitter:card\" content=\"summary_large_image\" \/>\n<meta name=\"twitter:label1\" content=\"Tiempo de lectura\" \/>\n\t<meta name=\"twitter:data1\" content=\"2 minutos\" \/>\n<script type=\"application\/ld+json\" class=\"yoast-schema-graph\">{\"@context\":\"https:\/\/schema.org\",\"@graph\":[{\"@type\":\"WebPage\",\"@id\":\"https:\/\/edsunloisirs.com\/es\/nuestra-historia\/\",\"url\":\"https:\/\/edsunloisirs.com\/es\/nuestra-historia\/\",\"name\":\"Nuestra historia - Edsun : sp\u00e9cialiste toboggans\",\"isPartOf\":{\"@id\":\"https:\/\/edsunloisirs.com\/es\/#website\"},\"datePublished\":\"2026-01-22T16:29:24+00:00\",\"dateModified\":\"2026-01-22T16:29:27+00:00\",\"description\":\"1992 La empresa Edsun Loisirs fue fundada por Edmond LOLLIOT. Quer\u00eda equipar su propia piscina con un tobog\u00e1n acu\u00e1tico, pero al no encontrar ninguno, tuvo\",\"breadcrumb\":{\"@id\":\"https:\/\/edsunloisirs.com\/es\/nuestra-historia\/#breadcrumb\"},\"inLanguage\":\"es\",\"potentialAction\":[{\"@type\":\"ReadAction\",\"target\":[\"https:\/\/edsunloisirs.com\/es\/nuestra-historia\/\"]}]},{\"@type\":\"BreadcrumbList\",\"@id\":\"https:\/\/edsunloisirs.com\/es\/nuestra-historia\/#breadcrumb\",\"itemListElement\":[{\"@type\":\"ListItem\",\"position\":1,\"name\":\"Inicio\",\"item\":\"https:\/\/edsunloisirs.com\/es\/\"},{\"@type\":\"ListItem\",\"position\":2,\"name\":\"Nuestra historia\"}]},{\"@type\":\"WebSite\",\"@id\":\"https:\/\/edsunloisirs.com\/es\/#website\",\"url\":\"https:\/\/edsunloisirs.com\/es\/\",\"name\":\"Edsun : sp\u00e9cialiste toboggans\",\"description\":\"have fun\",\"publisher\":{\"@id\":\"https:\/\/edsunloisirs.com\/es\/#organization\"},\"potentialAction\":[{\"@type\":\"SearchAction\",\"target\":{\"@type\":\"EntryPoint\",\"urlTemplate\":\"https:\/\/edsunloisirs.com\/es\/?s={search_term_string}\"},\"query-input\":{\"@type\":\"PropertyValueSpecification\",\"valueRequired\":true,\"valueName\":\"search_term_string\"}}],\"inLanguage\":\"es\"},{\"@type\":\"Organization\",\"@id\":\"https:\/\/edsunloisirs.com\/es\/#organization\",\"name\":\"Edsun\",\"url\":\"https:\/\/edsunloisirs.com\/es\/\",\"logo\":{\"@type\":\"ImageObject\",\"inLanguage\":\"es\",\"@id\":\"https:\/\/edsunloisirs.com\/es\/#\/schema\/logo\/image\/\",\"url\":\"https:\/\/edsunloisirs.com\/wp-content\/uploads\/edsun_blue.svg\",\"contentUrl\":\"https:\/\/edsunloisirs.com\/wp-content\/uploads\/edsun_blue.svg\",\"width\":185,\"height\":42,\"caption\":\"Edsun\"},\"image\":{\"@id\":\"https:\/\/edsunloisirs.com\/es\/#\/schema\/logo\/image\/\"},\"sameAs\":[\"https:\/\/www.facebook.com\/edsunloisirs\/about\/?ref=page_internal\",\"https:\/\/www.instagram.com\/edsunloisirs\/\",\"https:\/\/www.linkedin.com\/company\/edsun-loisirs\"]}]}<\/script>\n<!-- \/ Yoast SEO plugin. -->","yoast_head_json":{"title":"Nuestra historia - Edsun : sp\u00e9cialiste toboggans","description":"1992 La empresa Edsun Loisirs fue fundada por Edmond LOLLIOT. Quer\u00eda equipar su propia piscina con un tobog\u00e1n acu\u00e1tico, pero al no encontrar ninguno, tuvo","robots":{"index":"index","follow":"follow","max-snippet":"max-snippet:-1","max-image-preview":"max-image-preview:large","max-video-preview":"max-video-preview:-1"},"canonical":"https:\/\/edsunloisirs.com\/es\/nuestra-historia\/","og_locale":"es_ES","og_type":"article","og_title":"Nuestra historia - Edsun : sp\u00e9cialiste toboggans","og_description":"1992 La empresa Edsun Loisirs fue fundada por Edmond LOLLIOT. Quer\u00eda equipar su propia piscina con un tobog\u00e1n acu\u00e1tico, pero al no encontrar ninguno, tuvo","og_url":"https:\/\/edsunloisirs.com\/es\/nuestra-historia\/","og_site_name":"Edsun : sp\u00e9cialiste toboggans","article_publisher":"https:\/\/www.facebook.com\/edsunloisirs\/about\/?ref=page_internal","article_modified_time":"2026-01-22T16:29:27+00:00","twitter_card":"summary_large_image","twitter_misc":{"Tiempo de lectura":"2 minutos"},"schema":{"@context":"https:\/\/schema.org","@graph":[{"@type":"WebPage","@id":"https:\/\/edsunloisirs.com\/es\/nuestra-historia\/","url":"https:\/\/edsunloisirs.com\/es\/nuestra-historia\/","name":"Nuestra historia - Edsun : sp\u00e9cialiste toboggans","isPartOf":{"@id":"https:\/\/edsunloisirs.com\/es\/#website"},"datePublished":"2026-01-22T16:29:24+00:00","dateModified":"2026-01-22T16:29:27+00:00","description":"1992 La empresa Edsun Loisirs fue fundada por Edmond LOLLIOT. Quer\u00eda equipar su propia piscina con un tobog\u00e1n acu\u00e1tico, pero al no encontrar ninguno, tuvo","breadcrumb":{"@id":"https:\/\/edsunloisirs.com\/es\/nuestra-historia\/#breadcrumb"},"inLanguage":"es","potentialAction":[{"@type":"ReadAction","target":["https:\/\/edsunloisirs.com\/es\/nuestra-historia\/"]}]},{"@type":"BreadcrumbList","@id":"https:\/\/edsunloisirs.com\/es\/nuestra-historia\/#breadcrumb","itemListElement":[{"@type":"ListItem","position":1,"name":"Inicio","item":"https:\/\/edsunloisirs.com\/es\/"},{"@type":"ListItem","position":2,"name":"Nuestra historia"}]},{"@type":"WebSite","@id":"https:\/\/edsunloisirs.com\/es\/#website","url":"https:\/\/edsunloisirs.com\/es\/","name":"Edsun : sp\u00e9cialiste toboggans","description":"have fun","publisher":{"@id":"https:\/\/edsunloisirs.com\/es\/#organization"},"potentialAction":[{"@type":"SearchAction","target":{"@type":"EntryPoint","urlTemplate":"https:\/\/edsunloisirs.com\/es\/?s={search_term_string}"},"query-input":{"@type":"PropertyValueSpecification","valueRequired":true,"valueName":"search_term_string"}}],"inLanguage":"es"},{"@type":"Organization","@id":"https:\/\/edsunloisirs.com\/es\/#organization","name":"Edsun","url":"https:\/\/edsunloisirs.com\/es\/","logo":{"@type":"ImageObject","inLanguage":"es","@id":"https:\/\/edsunloisirs.com\/es\/#\/schema\/logo\/image\/","url":"https:\/\/edsunloisirs.com\/wp-content\/uploads\/edsun_blue.svg","contentUrl":"https:\/\/edsunloisirs.com\/wp-content\/uploads\/edsun_blue.svg","width":185,"height":42,"caption":"Edsun"},"image":{"@id":"https:\/\/edsunloisirs.com\/es\/#\/schema\/logo\/image\/"},"sameAs":["https:\/\/www.facebook.com\/edsunloisirs\/about\/?ref=page_internal","https:\/\/www.instagram.com\/edsunloisirs\/","https:\/\/www.linkedin.com\/company\/edsun-loisirs"]}]}},"_links":{"self":[{"href":"https:\/\/edsunloisirs.com\/es\/wp-json\/wp\/v2\/pages\/8346","targetHints":{"allow":["GET"]}}],"collection":[{"href":"https:\/\/edsunloisirs.com\/es\/wp-json\/wp\/v2\/pages"}],"about":[{"href":"https:\/\/edsunloisirs.com\/es\/wp-json\/wp\/v2\/types\/page"}],"author":[{"embeddable":true,"href":"https:\/\/edsunloisirs.com\/es\/wp-json\/wp\/v2\/users\/7"}],"replies":[{"embeddable":true,"href":"https:\/\/edsunloisirs.com\/es\/wp-json\/wp\/v2\/comments?post=8346"}],"version-history":[{"count":1,"href":"https:\/\/edsunloisirs.com\/es\/wp-json\/wp\/v2\/pages\/8346\/revisions"}],"predecessor-version":[{"id":8347,"href":"https:\/\/edsunloisirs.com\/es\/wp-json\/wp\/v2\/pages\/8346\/revisions\/8347"}],"wp:attachment":[{"href":"https:\/\/edsunloisirs.com\/es\/wp-json\/wp\/v2\/media?parent=8346"}],"curies":[{"name":"wp","href":"https:\/\/api.w.org\/{rel}","templated":true}]}}