{"id":6921,"date":"2024-10-02T10:12:05","date_gmt":"2024-10-02T08:12:05","guid":{"rendered":"https:\/\/edsunloisirs.com\/?page_id=6921"},"modified":"2024-10-02T10:12:07","modified_gmt":"2024-10-02T08:12:07","slug":"reciba-nuestro-catalogo-en-linea","status":"publish","type":"page","link":"https:\/\/edsunloisirs.com\/es\/reciba-nuestro-catalogo-en-linea\/","title":{"rendered":"Reciba nuestro cat\u00e1logo en l\u00ednea"},"content":{"rendered":"","protected":false},"excerpt":{"rendered":"","protected":false},"author":7,"featured_media":0,"parent":0,"menu_order":0,"comment_status":"closed","ping_status":"closed","template":"","meta":{"_acf_changed":false,"inline_featured_image":false,"footnotes":""},"class_list":["post-6921","page","type-page","status-publish","hentry"],"acf":[],"yoast_head":"<!-- This site is optimized with the Yoast SEO plugin v27.0 - https:\/\/yoast.com\/product\/yoast-seo-wordpress\/ -->\n<title>Reciba nuestro cat\u00e1logo en l\u00ednea - Edsun : sp\u00e9cialiste toboggans<\/title>\n<meta name=\"robots\" content=\"index, follow, max-snippet:-1, max-image-preview:large, max-video-preview:-1\" \/>\n<link rel=\"canonical\" href=\"https:\/\/edsunloisirs.com\/es\/reciba-nuestro-catalogo-en-linea\/\" \/>\n<meta property=\"og:locale\" content=\"es_ES\" \/>\n<meta property=\"og:type\" content=\"article\" \/>\n<meta property=\"og:title\" content=\"Reciba nuestro cat\u00e1logo en l\u00ednea - Edsun : sp\u00e9cialiste toboggans\" \/>\n<meta property=\"og:url\" content=\"https:\/\/edsunloisirs.com\/es\/reciba-nuestro-catalogo-en-linea\/\" \/>\n<meta property=\"og:site_name\" content=\"Edsun : sp\u00e9cialiste toboggans\" \/>\n<meta property=\"article:publisher\" content=\"https:\/\/www.facebook.com\/edsunloisirs\/about\/?ref=page_internal\" \/>\n<meta property=\"article:modified_time\" content=\"2024-10-02T08:12:07+00:00\" \/>\n<meta name=\"twitter:card\" content=\"summary_large_image\" \/>\n<script type=\"application\/ld+json\" class=\"yoast-schema-graph\">{\"@context\":\"https:\/\/schema.org\",\"@graph\":[{\"@type\":\"WebPage\",\"@id\":\"https:\/\/edsunloisirs.com\/es\/reciba-nuestro-catalogo-en-linea\/\",\"url\":\"https:\/\/edsunloisirs.com\/es\/reciba-nuestro-catalogo-en-linea\/\",\"name\":\"Reciba nuestro cat\u00e1logo en l\u00ednea - Edsun : sp\u00e9cialiste toboggans\",\"isPartOf\":{\"@id\":\"https:\/\/edsunloisirs.com\/es\/#website\"},\"datePublished\":\"2024-10-02T08:12:05+00:00\",\"dateModified\":\"2024-10-02T08:12:07+00:00\",\"breadcrumb\":{\"@id\":\"https:\/\/edsunloisirs.com\/es\/reciba-nuestro-catalogo-en-linea\/#breadcrumb\"},\"inLanguage\":\"es\",\"potentialAction\":[{\"@type\":\"ReadAction\",\"target\":[\"https:\/\/edsunloisirs.com\/es\/reciba-nuestro-catalogo-en-linea\/\"]}]},{\"@type\":\"BreadcrumbList\",\"@id\":\"https:\/\/edsunloisirs.com\/es\/reciba-nuestro-catalogo-en-linea\/#breadcrumb\",\"itemListElement\":[{\"@type\":\"ListItem\",\"position\":1,\"name\":\"Inicio\",\"item\":\"https:\/\/edsunloisirs.com\/es\/\"},{\"@type\":\"ListItem\",\"position\":2,\"name\":\"Reciba nuestro cat\u00e1logo en l\u00ednea\"}]},{\"@type\":\"WebSite\",\"@id\":\"https:\/\/edsunloisirs.com\/es\/#website\",\"url\":\"https:\/\/edsunloisirs.com\/es\/\",\"name\":\"Edsun : sp\u00e9cialiste toboggans\",\"description\":\"have fun\",\"publisher\":{\"@id\":\"https:\/\/edsunloisirs.com\/es\/#organization\"},\"potentialAction\":[{\"@type\":\"SearchAction\",\"target\":{\"@type\":\"EntryPoint\",\"urlTemplate\":\"https:\/\/edsunloisirs.com\/es\/?s={search_term_string}\"},\"query-input\":{\"@type\":\"PropertyValueSpecification\",\"valueRequired\":true,\"valueName\":\"search_term_string\"}}],\"inLanguage\":\"es\"},{\"@type\":\"Organization\",\"@id\":\"https:\/\/edsunloisirs.com\/es\/#organization\",\"name\":\"Edsun\",\"url\":\"https:\/\/edsunloisirs.com\/es\/\",\"logo\":{\"@type\":\"ImageObject\",\"inLanguage\":\"es\",\"@id\":\"https:\/\/edsunloisirs.com\/es\/#\/schema\/logo\/image\/\",\"url\":\"https:\/\/edsunloisirs.com\/wp-content\/uploads\/edsun_blue.svg\",\"contentUrl\":\"https:\/\/edsunloisirs.com\/wp-content\/uploads\/edsun_blue.svg\",\"width\":185,\"height\":42,\"caption\":\"Edsun\"},\"image\":{\"@id\":\"https:\/\/edsunloisirs.com\/es\/#\/schema\/logo\/image\/\"},\"sameAs\":[\"https:\/\/www.facebook.com\/edsunloisirs\/about\/?ref=page_internal\",\"https:\/\/www.instagram.com\/edsunloisirs\/\",\"https:\/\/www.linkedin.com\/company\/edsun-loisirs\"]}]}<\/script>\n<!-- \/ Yoast SEO plugin. -->","yoast_head_json":{"title":"Reciba nuestro cat\u00e1logo en l\u00ednea - Edsun : sp\u00e9cialiste toboggans","robots":{"index":"index","follow":"follow","max-snippet":"max-snippet:-1","max-image-preview":"max-image-preview:large","max-video-preview":"max-video-preview:-1"},"canonical":"https:\/\/edsunloisirs.com\/es\/reciba-nuestro-catalogo-en-linea\/","og_locale":"es_ES","og_type":"article","og_title":"Reciba nuestro cat\u00e1logo en l\u00ednea - Edsun : sp\u00e9cialiste toboggans","og_url":"https:\/\/edsunloisirs.com\/es\/reciba-nuestro-catalogo-en-linea\/","og_site_name":"Edsun : sp\u00e9cialiste toboggans","article_publisher":"https:\/\/www.facebook.com\/edsunloisirs\/about\/?ref=page_internal","article_modified_time":"2024-10-02T08:12:07+00:00","twitter_card":"summary_large_image","schema":{"@context":"https:\/\/schema.org","@graph":[{"@type":"WebPage","@id":"https:\/\/edsunloisirs.com\/es\/reciba-nuestro-catalogo-en-linea\/","url":"https:\/\/edsunloisirs.com\/es\/reciba-nuestro-catalogo-en-linea\/","name":"Reciba nuestro cat\u00e1logo en l\u00ednea - Edsun : sp\u00e9cialiste toboggans","isPartOf":{"@id":"https:\/\/edsunloisirs.com\/es\/#website"},"datePublished":"2024-10-02T08:12:05+00:00","dateModified":"2024-10-02T08:12:07+00:00","breadcrumb":{"@id":"https:\/\/edsunloisirs.com\/es\/reciba-nuestro-catalogo-en-linea\/#breadcrumb"},"inLanguage":"es","potentialAction":[{"@type":"ReadAction","target":["https:\/\/edsunloisirs.com\/es\/reciba-nuestro-catalogo-en-linea\/"]}]},{"@type":"BreadcrumbList","@id":"https:\/\/edsunloisirs.com\/es\/reciba-nuestro-catalogo-en-linea\/#breadcrumb","itemListElement":[{"@type":"ListItem","position":1,"name":"Inicio","item":"https:\/\/edsunloisirs.com\/es\/"},{"@type":"ListItem","position":2,"name":"Reciba nuestro cat\u00e1logo en l\u00ednea"}]},{"@type":"WebSite","@id":"https:\/\/edsunloisirs.com\/es\/#website","url":"https:\/\/edsunloisirs.com\/es\/","name":"Edsun : sp\u00e9cialiste toboggans","description":"have fun","publisher":{"@id":"https:\/\/edsunloisirs.com\/es\/#organization"},"potentialAction":[{"@type":"SearchAction","target":{"@type":"EntryPoint","urlTemplate":"https:\/\/edsunloisirs.com\/es\/?s={search_term_string}"},"query-input":{"@type":"PropertyValueSpecification","valueRequired":true,"valueName":"search_term_string"}}],"inLanguage":"es"},{"@type":"Organization","@id":"https:\/\/edsunloisirs.com\/es\/#organization","name":"Edsun","url":"https:\/\/edsunloisirs.com\/es\/","logo":{"@type":"ImageObject","inLanguage":"es","@id":"https:\/\/edsunloisirs.com\/es\/#\/schema\/logo\/image\/","url":"https:\/\/edsunloisirs.com\/wp-content\/uploads\/edsun_blue.svg","contentUrl":"https:\/\/edsunloisirs.com\/wp-content\/uploads\/edsun_blue.svg","width":185,"height":42,"caption":"Edsun"},"image":{"@id":"https:\/\/edsunloisirs.com\/es\/#\/schema\/logo\/image\/"},"sameAs":["https:\/\/www.facebook.com\/edsunloisirs\/about\/?ref=page_internal","https:\/\/www.instagram.com\/edsunloisirs\/","https:\/\/www.linkedin.com\/company\/edsun-loisirs"]}]}},"_links":{"self":[{"href":"https:\/\/edsunloisirs.com\/es\/wp-json\/wp\/v2\/pages\/6921","targetHints":{"allow":["GET"]}}],"collection":[{"href":"https:\/\/edsunloisirs.com\/es\/wp-json\/wp\/v2\/pages"}],"about":[{"href":"https:\/\/edsunloisirs.com\/es\/wp-json\/wp\/v2\/types\/page"}],"author":[{"embeddable":true,"href":"https:\/\/edsunloisirs.com\/es\/wp-json\/wp\/v2\/users\/7"}],"replies":[{"embeddable":true,"href":"https:\/\/edsunloisirs.com\/es\/wp-json\/wp\/v2\/comments?post=6921"}],"version-history":[{"count":1,"href":"https:\/\/edsunloisirs.com\/es\/wp-json\/wp\/v2\/pages\/6921\/revisions"}],"predecessor-version":[{"id":6922,"href":"https:\/\/edsunloisirs.com\/es\/wp-json\/wp\/v2\/pages\/6921\/revisions\/6922"}],"wp:attachment":[{"href":"https:\/\/edsunloisirs.com\/es\/wp-json\/wp\/v2\/media?parent=6921"}],"curies":[{"name":"wp","href":"https:\/\/api.w.org\/{rel}","templated":true}]}}