{"id":1739,"date":"2021-12-10T17:30:00","date_gmt":"2021-12-10T16:30:00","guid":{"rendered":"https:\/\/edsunloisirs.com\/?page_id=1739"},"modified":"2021-12-15T17:58:33","modified_gmt":"2021-12-15T16:58:33","slug":"politica-de-cookies","status":"publish","type":"page","link":"https:\/\/edsunloisirs.com\/es\/politica-de-cookies\/","title":{"rendered":"Pol\u00edtica de cookies"},"content":{"rendered":"\n<h2 class=\"wp-block-heading\">1. Enlaces de hipertexto, cookies y etiquetas de Internet<\/h2>\n\n\n\n<p>El sitio web https:\/\/edsunloisirs.com\/fr\/ contiene una serie de hiperv\u00ednculos a otros sitios, establecidos con la autorizaci\u00f3n de https:\/\/edsunloisirs.com\/fr\/. Sin embargo, https:\/\/edsunloisirs.com\/fr\/ no tiene la posibilidad de comprobar el contenido de los sitios as\u00ed visitados, y en consecuencia no asumir\u00e1 ninguna responsabilidad al respecto.<\/p>\n\n\n\n<p>A menos que decida desactivar las cookies, usted acepta que el sitio las utilice. Usted puede desactivar estas cookies en cualquier momento y de forma gratuita utilizando las opciones de desactivaci\u00f3n que se le ofrecen y que se recuerdan a continuaci\u00f3n, sabiendo que esto puede reducir o impedir el acceso a la totalidad o parte de los Servicios ofrecidos por el sitio.<\/p>\n\n\n\n<h3 class=\"wp-block-heading\">1.1. \u00ab COOKIES \u00bb<\/h3>\n\n\n\n<p>Una \u00abcookie\u00bb es un peque\u00f1o archivo de informaci\u00f3n que se env\u00eda al navegador del Usuario y se almacena en el terminal del mismo (por ejemplo, ordenador, smartphone), (en adelante, \u00abCookies\u00bb). Este archivo incluye informaci\u00f3n como el nombre de dominio del usuario, el proveedor de servicios de Internet del usuario, el sistema operativo del usuario y la fecha y hora de acceso. Las cookies no pueden en ning\u00fan caso da\u00f1ar el terminal del Usuario.<\/p>\n\n\n\n<p>https:\/\/edsunloisirs.com\/fr\/ es susceptible de procesar la informaci\u00f3n del Usuario relativa a su visita al Sitio, como las p\u00e1ginas consultadas y las b\u00fasquedas realizadas. Esta informaci\u00f3n permite a https:\/\/edsunloisirs.com\/fr\/ mejorar el contenido del Sitio y la experiencia de navegaci\u00f3n del Usuario.<\/p>\n\n\n\n<p>Las cookies facilitan la navegaci\u00f3n y\/o la prestaci\u00f3n de los servicios ofrecidos por el Sitio, pudiendo el Usuario configurar su navegador para que le permita decidir si las acepta o no, de forma que las cookies queden almacenadas en el terminal o, por el contrario, las rechace, ya sea de forma sistem\u00e1tica o en funci\u00f3n de su emisor. El Usuario tambi\u00e9n puede configurar su software de navegaci\u00f3n para que se le proponga la aceptaci\u00f3n o el rechazo de las Cookies cada cierto tiempo, antes de que una Cookie sea susceptible de ser grabada en su terminal. https:\/\/edsunloisirs.com\/fr\/ informa al Usuario que, en este caso, es posible que no est\u00e9n disponibles todas las funcionalidades de su software de navegaci\u00f3n.<\/p>\n\n\n\n<p>Si el Usuario rechaza el almacenamiento de Cookies en su terminal o navegador, o si el Usuario elimina las almacenadas, el Usuario queda informado de que su navegaci\u00f3n y experiencia en el Sitio puede verse limitada. Tambi\u00e9n podr\u00eda darse el caso de que https:\/\/edsunloisirs.com\/fr\/ o uno de sus proveedores de servicios no pueda reconocer, por motivos de compatibilidad t\u00e9cnica, el tipo de navegador utilizado por el terminal, el idioma y la configuraci\u00f3n de la pantalla o el pa\u00eds desde el que el terminal parece estar conectado a Internet.<\/p>\n\n\n\n<p>En su caso, https:\/\/edsunloisirs.com\/fr\/ declina toda responsabilidad por las consecuencias vinculadas al funcionamiento degradado del Sitio y de cualquier servicio ofrecido por https:\/\/edsunloisirs.com\/fr\/, resultantes de (i) el rechazo de las Cookies por parte del Usuario (ii) la imposibilidad para https:\/\/edsunloisirs.com\/fr\/ de registrar o consultar las Cookies necesarias para su funcionamiento debido a la elecci\u00f3n del Usuario. Para la gesti\u00f3n de las Cookies y las elecciones del Usuario, la configuraci\u00f3n de cada navegador es diferente. Se describe en el men\u00fa de ayuda del navegador, que mostrar\u00e1 c\u00f3mo el Usuario puede modificar sus deseos respecto a las Cookies.<\/p>\n\n\n\n<p>En cualquier momento, el Usuario puede optar por expresar y modificar sus deseos con respecto a las Cookies. https:\/\/edsunloisirs.com\/fr\/ tambi\u00e9n puede recurrir a los servicios de proveedores de servicios externos para que le ayuden a recopilar y procesar la informaci\u00f3n descrita en esta secci\u00f3n.<\/p>\n\n\n\n<p>Por \u00faltimo, al hacer clic en los iconos dedicados a las redes sociales Twitter, Facebook, Linkedin y Google Plus que aparecen en el Sitio Web https:\/\/edsunloisirs.com\/fr\/ o en su aplicaci\u00f3n m\u00f3vil y si el Usuario ha aceptado el dep\u00f3sito de cookies al continuar navegando por el Sitio Web https:\/\/edsunloisirs.com\/fr\/ o la aplicaci\u00f3n m\u00f3vil, Twitter, Facebook, Linkedin y Google Plus tambi\u00e9n podr\u00e1n depositar cookies en sus terminales (ordenador, tableta, tel\u00e9fono m\u00f3vil).<\/p>\n\n\n\n<p>Este tipo de cookies s\u00f3lo se depositan en sus terminales si usted lo consiente, al continuar su navegaci\u00f3n en el Sitio Web o en la aplicaci\u00f3n m\u00f3vil de https:\/\/edsunloisirs.com\/fr\/. No obstante, en cualquier momento, el Usuario puede revocar su consentimiento para que https:\/\/edsunloisirs.com\/fr\/ deposite este tipo de cookies.<\/p>\n\n\n\n<h3 class=\"wp-block-heading\">1.2. ETIQUETAS DE INTERNET<\/h3>\n\n\n\n<p>https:\/\/edsunloisirs.com\/fr\/ puede emplear ocasionalmente etiquetas de Internet (tambi\u00e9n conocidas como \u00abtags\u00bb, o etiquetas de acci\u00f3n, GIFs de un solo p\u00edxel, GIFs transparentes, GIFs invisibles y GIFs uno a uno) y desplegarlas a trav\u00e9s de un socio de an\u00e1lisis web que puede estar ubicado (y por tanto almacenar informaci\u00f3n sobre ellos, incluyendo la direcci\u00f3n IP del Usuario) en un pa\u00eds extranjero.<\/p>\n\n\n\n<p>Estas balizas se colocan tanto en los anuncios en l\u00ednea que permiten a los usuarios acceder al Sitio, como en las distintas p\u00e1ginas del mismo.<\/p>\n\n\n\n<p>Esta tecnolog\u00eda permite a https:\/\/edsunloisirs.com\/fr\/ evaluar las respuestas de los visitantes al Sitio y la eficacia de sus acciones (por ejemplo, el n\u00famero de veces que se abre una p\u00e1gina y la informaci\u00f3n consultada), as\u00ed como el uso que el Usuario hace de este Sitio.<\/p>\n\n\n\n<p>El proveedor de servicios externo puede recopilar informaci\u00f3n sobre los visitantes del Sitio y de otros sitios web a trav\u00e9s de estas etiquetas, recopilar informes sobre la actividad del Sitio para https:\/\/edsunloisirs.com\/fr\/ y proporcionar otros servicios relacionados con el uso del Sitio y de Internet.<\/p>\n","protected":false},"excerpt":{"rendered":"<p>1. Enlaces de hipertexto, cookies y etiquetas de Internet El sitio web https:\/\/edsunloisirs.com\/fr\/ contiene una serie de hiperv\u00ednculos a otros sitios, establecidos con la autorizaci\u00f3n de https:\/\/edsunloisirs.com\/fr\/. Sin embargo, https:\/\/edsunloisirs.com\/fr\/ no tiene la posibilidad de comprobar el contenido de los sitios as\u00ed visitados, y en consecuencia no asumir\u00e1 ninguna responsabilidad al respecto. A menos que [&hellip;]<\/p>\n","protected":false},"author":1,"featured_media":0,"parent":0,"menu_order":0,"comment_status":"closed","ping_status":"closed","template":"","meta":{"_acf_changed":false,"inline_featured_image":false,"footnotes":""},"class_list":["post-1739","page","type-page","status-publish","hentry"],"acf":[],"yoast_head":"<!-- This site is optimized with the Yoast SEO plugin v27.0 - https:\/\/yoast.com\/product\/yoast-seo-wordpress\/ -->\n<title>Pol\u00edtica de cookies - Edsun : sp\u00e9cialiste toboggans<\/title>\n<meta name=\"description\" content=\"1. Enlaces de hipertexto, cookies y etiquetas de Internet El sitio web https:\/\/edsunloisirs.com\/fr\/ contiene una serie de hiperv\u00ednculos a otros sitios,\" \/>\n<meta name=\"robots\" content=\"index, follow, max-snippet:-1, max-image-preview:large, max-video-preview:-1\" \/>\n<link rel=\"canonical\" href=\"https:\/\/edsunloisirs.com\/es\/politica-de-cookies\/\" \/>\n<meta property=\"og:locale\" content=\"es_ES\" \/>\n<meta property=\"og:type\" content=\"article\" \/>\n<meta property=\"og:title\" content=\"Pol\u00edtica de cookies - Edsun : sp\u00e9cialiste toboggans\" \/>\n<meta property=\"og:description\" content=\"1. Enlaces de hipertexto, cookies y etiquetas de Internet El sitio web https:\/\/edsunloisirs.com\/fr\/ contiene una serie de hiperv\u00ednculos a otros sitios,\" \/>\n<meta property=\"og:url\" content=\"https:\/\/edsunloisirs.com\/es\/politica-de-cookies\/\" \/>\n<meta property=\"og:site_name\" content=\"Edsun : sp\u00e9cialiste toboggans\" \/>\n<meta property=\"article:publisher\" content=\"https:\/\/www.facebook.com\/edsunloisirs\/about\/?ref=page_internal\" \/>\n<meta property=\"article:modified_time\" content=\"2021-12-15T16:58:33+00:00\" \/>\n<meta name=\"twitter:card\" content=\"summary_large_image\" \/>\n<meta name=\"twitter:label1\" content=\"Tiempo de lectura\" \/>\n\t<meta name=\"twitter:data1\" content=\"5 minutos\" \/>\n<script type=\"application\/ld+json\" class=\"yoast-schema-graph\">{\"@context\":\"https:\/\/schema.org\",\"@graph\":[{\"@type\":\"WebPage\",\"@id\":\"https:\/\/edsunloisirs.com\/es\/politica-de-cookies\/\",\"url\":\"https:\/\/edsunloisirs.com\/es\/politica-de-cookies\/\",\"name\":\"Pol\u00edtica de cookies - Edsun : sp\u00e9cialiste toboggans\",\"isPartOf\":{\"@id\":\"https:\/\/edsunloisirs.com\/es\/#website\"},\"datePublished\":\"2021-12-10T16:30:00+00:00\",\"dateModified\":\"2021-12-15T16:58:33+00:00\",\"description\":\"1. Enlaces de hipertexto, cookies y etiquetas de Internet El sitio web https:\/\/edsunloisirs.com\/fr\/ contiene una serie de hiperv\u00ednculos a otros sitios,\",\"breadcrumb\":{\"@id\":\"https:\/\/edsunloisirs.com\/es\/politica-de-cookies\/#breadcrumb\"},\"inLanguage\":\"es\",\"potentialAction\":[{\"@type\":\"ReadAction\",\"target\":[\"https:\/\/edsunloisirs.com\/es\/politica-de-cookies\/\"]}]},{\"@type\":\"BreadcrumbList\",\"@id\":\"https:\/\/edsunloisirs.com\/es\/politica-de-cookies\/#breadcrumb\",\"itemListElement\":[{\"@type\":\"ListItem\",\"position\":1,\"name\":\"Inicio\",\"item\":\"https:\/\/edsunloisirs.com\/es\/\"},{\"@type\":\"ListItem\",\"position\":2,\"name\":\"Pol\u00edtica de cookies\"}]},{\"@type\":\"WebSite\",\"@id\":\"https:\/\/edsunloisirs.com\/es\/#website\",\"url\":\"https:\/\/edsunloisirs.com\/es\/\",\"name\":\"Edsun : sp\u00e9cialiste toboggans\",\"description\":\"have fun\",\"publisher\":{\"@id\":\"https:\/\/edsunloisirs.com\/es\/#organization\"},\"potentialAction\":[{\"@type\":\"SearchAction\",\"target\":{\"@type\":\"EntryPoint\",\"urlTemplate\":\"https:\/\/edsunloisirs.com\/es\/?s={search_term_string}\"},\"query-input\":{\"@type\":\"PropertyValueSpecification\",\"valueRequired\":true,\"valueName\":\"search_term_string\"}}],\"inLanguage\":\"es\"},{\"@type\":\"Organization\",\"@id\":\"https:\/\/edsunloisirs.com\/es\/#organization\",\"name\":\"Edsun\",\"url\":\"https:\/\/edsunloisirs.com\/es\/\",\"logo\":{\"@type\":\"ImageObject\",\"inLanguage\":\"es\",\"@id\":\"https:\/\/edsunloisirs.com\/es\/#\/schema\/logo\/image\/\",\"url\":\"https:\/\/edsunloisirs.com\/wp-content\/uploads\/edsun_blue.svg\",\"contentUrl\":\"https:\/\/edsunloisirs.com\/wp-content\/uploads\/edsun_blue.svg\",\"width\":185,\"height\":42,\"caption\":\"Edsun\"},\"image\":{\"@id\":\"https:\/\/edsunloisirs.com\/es\/#\/schema\/logo\/image\/\"},\"sameAs\":[\"https:\/\/www.facebook.com\/edsunloisirs\/about\/?ref=page_internal\",\"https:\/\/www.instagram.com\/edsunloisirs\/\",\"https:\/\/www.linkedin.com\/company\/edsun-loisirs\"]}]}<\/script>\n<!-- \/ Yoast SEO plugin. -->","yoast_head_json":{"title":"Pol\u00edtica de cookies - Edsun : sp\u00e9cialiste toboggans","description":"1. Enlaces de hipertexto, cookies y etiquetas de Internet El sitio web https:\/\/edsunloisirs.com\/fr\/ contiene una serie de hiperv\u00ednculos a otros sitios,","robots":{"index":"index","follow":"follow","max-snippet":"max-snippet:-1","max-image-preview":"max-image-preview:large","max-video-preview":"max-video-preview:-1"},"canonical":"https:\/\/edsunloisirs.com\/es\/politica-de-cookies\/","og_locale":"es_ES","og_type":"article","og_title":"Pol\u00edtica de cookies - Edsun : sp\u00e9cialiste toboggans","og_description":"1. Enlaces de hipertexto, cookies y etiquetas de Internet El sitio web https:\/\/edsunloisirs.com\/fr\/ contiene una serie de hiperv\u00ednculos a otros sitios,","og_url":"https:\/\/edsunloisirs.com\/es\/politica-de-cookies\/","og_site_name":"Edsun : sp\u00e9cialiste toboggans","article_publisher":"https:\/\/www.facebook.com\/edsunloisirs\/about\/?ref=page_internal","article_modified_time":"2021-12-15T16:58:33+00:00","twitter_card":"summary_large_image","twitter_misc":{"Tiempo de lectura":"5 minutos"},"schema":{"@context":"https:\/\/schema.org","@graph":[{"@type":"WebPage","@id":"https:\/\/edsunloisirs.com\/es\/politica-de-cookies\/","url":"https:\/\/edsunloisirs.com\/es\/politica-de-cookies\/","name":"Pol\u00edtica de cookies - Edsun : sp\u00e9cialiste toboggans","isPartOf":{"@id":"https:\/\/edsunloisirs.com\/es\/#website"},"datePublished":"2021-12-10T16:30:00+00:00","dateModified":"2021-12-15T16:58:33+00:00","description":"1. Enlaces de hipertexto, cookies y etiquetas de Internet El sitio web https:\/\/edsunloisirs.com\/fr\/ contiene una serie de hiperv\u00ednculos a otros sitios,","breadcrumb":{"@id":"https:\/\/edsunloisirs.com\/es\/politica-de-cookies\/#breadcrumb"},"inLanguage":"es","potentialAction":[{"@type":"ReadAction","target":["https:\/\/edsunloisirs.com\/es\/politica-de-cookies\/"]}]},{"@type":"BreadcrumbList","@id":"https:\/\/edsunloisirs.com\/es\/politica-de-cookies\/#breadcrumb","itemListElement":[{"@type":"ListItem","position":1,"name":"Inicio","item":"https:\/\/edsunloisirs.com\/es\/"},{"@type":"ListItem","position":2,"name":"Pol\u00edtica de cookies"}]},{"@type":"WebSite","@id":"https:\/\/edsunloisirs.com\/es\/#website","url":"https:\/\/edsunloisirs.com\/es\/","name":"Edsun : sp\u00e9cialiste toboggans","description":"have fun","publisher":{"@id":"https:\/\/edsunloisirs.com\/es\/#organization"},"potentialAction":[{"@type":"SearchAction","target":{"@type":"EntryPoint","urlTemplate":"https:\/\/edsunloisirs.com\/es\/?s={search_term_string}"},"query-input":{"@type":"PropertyValueSpecification","valueRequired":true,"valueName":"search_term_string"}}],"inLanguage":"es"},{"@type":"Organization","@id":"https:\/\/edsunloisirs.com\/es\/#organization","name":"Edsun","url":"https:\/\/edsunloisirs.com\/es\/","logo":{"@type":"ImageObject","inLanguage":"es","@id":"https:\/\/edsunloisirs.com\/es\/#\/schema\/logo\/image\/","url":"https:\/\/edsunloisirs.com\/wp-content\/uploads\/edsun_blue.svg","contentUrl":"https:\/\/edsunloisirs.com\/wp-content\/uploads\/edsun_blue.svg","width":185,"height":42,"caption":"Edsun"},"image":{"@id":"https:\/\/edsunloisirs.com\/es\/#\/schema\/logo\/image\/"},"sameAs":["https:\/\/www.facebook.com\/edsunloisirs\/about\/?ref=page_internal","https:\/\/www.instagram.com\/edsunloisirs\/","https:\/\/www.linkedin.com\/company\/edsun-loisirs"]}]}},"_links":{"self":[{"href":"https:\/\/edsunloisirs.com\/es\/wp-json\/wp\/v2\/pages\/1739","targetHints":{"allow":["GET"]}}],"collection":[{"href":"https:\/\/edsunloisirs.com\/es\/wp-json\/wp\/v2\/pages"}],"about":[{"href":"https:\/\/edsunloisirs.com\/es\/wp-json\/wp\/v2\/types\/page"}],"author":[{"embeddable":true,"href":"https:\/\/edsunloisirs.com\/es\/wp-json\/wp\/v2\/users\/1"}],"replies":[{"embeddable":true,"href":"https:\/\/edsunloisirs.com\/es\/wp-json\/wp\/v2\/comments?post=1739"}],"version-history":[{"count":0,"href":"https:\/\/edsunloisirs.com\/es\/wp-json\/wp\/v2\/pages\/1739\/revisions"}],"wp:attachment":[{"href":"https:\/\/edsunloisirs.com\/es\/wp-json\/wp\/v2\/media?parent=1739"}],"curies":[{"name":"wp","href":"https:\/\/api.w.org\/{rel}","templated":true}]}}