{"id":1738,"date":"2021-12-10T17:29:45","date_gmt":"2021-12-10T16:29:45","guid":{"rendered":"https:\/\/edsunloisirs.com\/?page_id=1738"},"modified":"2026-01-22T17:30:17","modified_gmt":"2026-01-22T16:30:17","slug":"edsun-expertos-en-diversion-desde-hace-mas-de-30-anos","status":"publish","type":"page","link":"https:\/\/edsunloisirs.com\/es\/edsun-expertos-en-diversion-desde-hace-mas-de-30-anos\/","title":{"rendered":"Nuestra experiencia"},"content":{"rendered":"<div class=\"youtube-video align\">\n\t\t\t\t\t\t<div id=\"youtubevideo-block_1716f011c8e735011a71ad0de3b1d016\" class=\"youtube-video-container\" data-src=\"D9V3kwCqfgU\"><\/div>\n\t\t\t<\/div>\n\n\n\n<div class=\"wp-block-group little-pad\"><div class=\"wp-block-group__inner-container is-layout-flow wp-block-group-is-layout-flow\">\n<p class=\"has-text-align-center\">Edsun es el principal fabricante franc\u00e9s de equipamiento de zonas l\u00fadicas acu\u00e1ticas y al aire libre para campings, parques de ocio y comunidades. Con sede en Francia y en Espa\u00f1a, dise\u00f1amos proyectos a medida.<\/p>\n\n\n\n<p class=\"has-text-align-center\">Nuestro objetivo es satisfacer todos tus requisitos: perfil de usuarios, presupuestos, superficies disponibles&#8230;<\/p>\n\n\n\n<p class=\"has-text-align-center\"><strong>EDSUN <\/strong>ofrece soluciones completas para transformar tu piscina o zona de juegos en un espacio l\u00fadico. Dise\u00f1amos proyectos a medida con el objetivo de satisfacer todos tus requisitos: perfil de usuarios, presupuesto, superficie disponible&#8230; Trabajamos respetando al pie de la letra las normas vigentes y utilizando las t\u00e9cnicas m\u00e1s fiables, los materiales m\u00e1s duraderos y los accesorios m\u00e1s s\u00f3lidos. Tu tranquilidad se lo merece.<\/p>\n<\/div><\/div>\n\n\n\n<div class=\"wp-block-buttons is-horizontal is-content-justification-center is-layout-flex wp-container-core-buttons-is-layout-499968f5 wp-block-buttons-is-layout-flex\">\n<div class=\"wp-block-button\"><a class=\"wp-block-button__link has-white-color has-green-background-color has-text-color has-background wp-element-button\" href=\"https:\/\/edsunloisirs.com\/es\/portfolio\/\">Voir toutes nos r\u00e9alisations<\/a><\/div>\n<\/div>\n\n\n<div class=\"fullwidth has-fill has-white-fill-color\"><svg xmlns=\"http:\/\/www.w3.org\/2000\/svg\" viewBox=\"0 0 511.26 94.34\">\n\t<defs>\n\t\t<linearGradient id=\"svgBlueGradient\" x1=\"0\" x2=\"1\" y1=\"0\" y2=\"0\">\n\t\t\t<stop offset=\"0%\" stop-color=\"#154381\"\/>\n\t\t\t<stop offset=\"100%\" stop-color=\"#061B38\"\/>\n\t\t<\/linearGradient>\n\t\t<linearGradient id=\"svgGreenGradient\" x1=\"0\" x2=\"1\" y1=\"0\" y2=\"0\">\n\t\t\t<stop offset=\"0%\" stop-color=\"#3DB7B0\"\/>\n\t\t\t<stop offset=\"100%\" stop-color=\"#9FEAD0\"\/>\n\t\t<\/linearGradient>\n\t\t<linearGradient id=\"svgGrayGradient\" x1=\"0\" x2=\"1\" y1=\"0\" y2=\"0\">\n\t\t\t<stop offset=\"0%\" stop-color=\"#DFE3E6\"\/>\n\t\t\t<stop offset=\"100%\" stop-color=\"#FCFEFF\"\/>\n\t\t<\/linearGradient>\n\t<\/defs>\n\t<path class=\"svg-body\" d=\"M511.26,94.34V0C475.68,41.39,374.68,88.24,255.63,88.24S35.57,41.39,0,0V94.24Z\"\/>\n\t<path\n style=\"fill: url(#svgGrayGradient)\" \td=\"M255.63,88.24C374.69,88.24,475.69,44.3,511.26.38V0C475.68,41.39,374.68,71.25,255.63,71.25S35.57,41.39,0,0V.38C35.56,44.31,136.56,88.24,255.63,88.24Z\"\/>\n<\/svg>\n<svg xmlns=\"http:\/\/www.w3.org\/2000\/svg\" viewBox=\"0 0 511.26 50.22\">\n\t<defs>\n\t\t<linearGradient id=\"LSsvgBlueGradient\" x1=\"0\" x2=\"1\" y1=\"0\" y2=\"0\">\n\t\t\t<stop offset=\"0%\" stop-color=\"#154381\"\/>\n\t\t\t<stop offset=\"100%\" stop-color=\"#061B38\"\/>\n\t\t<\/linearGradient>\n\t\t<linearGradient id=\"LSsvgGreenGradient\" x1=\"0\" x2=\"1\" y1=\"0\" y2=\"0\">\n\t\t\t<stop offset=\"0%\" stop-color=\"#3DB7B0\"\/>\n\t\t\t<stop offset=\"100%\" stop-color=\"#9FEAD0\"\/>\n\t\t<\/linearGradient>\n\t\t<linearGradient id=\"LSsvgGrayGradient\" x1=\"0\" x2=\"1\" y1=\"0\" y2=\"0\">\n\t\t\t<stop offset=\"0%\" stop-color=\"#DFE3E6\"\/>\n\t\t\t<stop offset=\"100%\" stop-color=\"#FCFEFF\"\/>\n\t\t<\/linearGradient>\n\t<\/defs>\n\t<path class=\"svg-body\" d=\"M511.26,50.22V0C475.68,22,374.68,47,255.63,47S35.57,22,0,0V50.17Z\"\/>\n\t<path\n style=\"fill: url(#LSsvgGrayGradient)\" \td=\"M255.63,47C374.69,47,475.69,23.58,511.26.2V0C475.68,22,374.68,37.93,255.63,37.93S35.57,22,0,0V.2C35.56,23.59,136.56,47,255.63,47Z\"\/>\n<\/svg>\n<\/div>\n<div class=\"wp-block-group wave has-white-background-color has-background\"><div class=\"wp-block-group__inner-container is-layout-flow wp-block-group-is-layout-flow\">\n<div class=\"wp-block-media-text alignwide is-stacked-on-mobile\"><figure class=\"wp-block-media-text__media\"><img loading=\"lazy\" decoding=\"async\" width=\"1030\" height=\"778\" src=\"https:\/\/edsunloisirs.com\/wp-content\/uploads\/vision_polin_turkey.jpg\" alt=\"Vision_Polin_Turkey\" class=\"wp-image-1235 size-full\" srcset=\"https:\/\/edsunloisirs.com\/wp-content\/uploads\/vision_polin_turkey.jpg 1030w, https:\/\/edsunloisirs.com\/wp-content\/uploads\/vision_polin_turkey-768x580.jpg 768w\" sizes=\"auto, (max-width: 1030px) 100vw, 1030px\" \/><\/figure><div class=\"wp-block-media-text__content\">\n<h2 class=\"wp-block-heading\"><strong>Nuestra visi\u00f3n<\/strong><\/h2>\n\n\n\n<p>Cada proyecto debe contribuir a mejorar tu imagen. Independientemente del tipo o del tama\u00f1o, lo realizaremos en estricto cumplimiento con las normas vigentes.<\/p>\n\n\n\n<p>Edsun no hace ninguna diferencia entre una inversi\u00f3n grande y una peque\u00f1a. Siempre damos una respuesta a medida, de calidad y que respeta al 100 % las normas de protecci\u00f3n fundamentales para la satisfacci\u00f3n de los usuarios y la tranquilidad de nuestros clientes.<\/p>\n<\/div><\/div>\n\n\n\n<div class=\"wp-block-media-text alignwide has-media-on-the-right is-stacked-on-mobile\"><div class=\"wp-block-media-text__content\">\n<h2 class=\"wp-block-heading\"><strong>Nuestra misi\u00f3n<\/strong><\/h2>\n\n\n\n<p>Reforzar el atractivo de tus instalaciones y garantizar tu tranquilidad para el disfrute y la seguridad de los usuarios de nuestros proyectos.<\/p>\n\n\n\n<p>Hace m\u00e1s de 30 a\u00f1os que Edsun forja su reputaci\u00f3n sobre valores que compartimos contigo: honestidad, rigor, innovaci\u00f3n, atenci\u00f3n y respeto.<\/p>\n\n\n\n<p>La solidez, la est\u00e9tica, la innovaci\u00f3n y la calidad est\u00e1n presentes en todos nuestros proyectos. Te damos la bienvenida al universo Edsun. Nuestra marca, fuente de diversi\u00f3n para los usuarios, es sin\u00f3nimo de tranquilidad, seguridad y durabilidad para nuestros clientes p\u00fablicos y privados.<\/p>\n<\/div><figure class=\"wp-block-media-text__media\"><img loading=\"lazy\" decoding=\"async\" width=\"570\" height=\"430\" src=\"https:\/\/edsunloisirs.com\/wp-content\/uploads\/mission_44210_laboutinardiere_04.jpg\" alt=\"Mission_44210_LaBoutinardiere_04\" class=\"wp-image-1238 size-full\"\/><\/figure><\/div>\n<\/div><\/div>\n\n\n\n<div class=\"wp-block-group has-white-background-color has-background\"><div class=\"wp-block-group__inner-container is-layout-flow wp-block-group-is-layout-flow\">\n<h2 class=\"wp-block-heading has-text-align-center wave-after\">Para Edsun, la norma consiste en respetar todas las normas.<\/h2>\n\n\n\n<p class=\"has-text-align-center\">Los productos Edsun respetan al pie de la letra las normas vigentes. Para ti, es una garant\u00eda de calidad y de seguridad indispensable para tu tranquilidad.<\/p>\n\n\n\n<h3 class=\"wp-block-heading has-text-align-left\">Tobog\u00e1n<\/h3>\n\n\n\n<div class=\"wp-block-columns is-layout-flex wp-container-core-columns-is-layout-9d6595d7 wp-block-columns-is-layout-flex\">\n<div class=\"wp-block-column is-layout-flow wp-block-column-is-layout-flow\">\n\n<div id=\"accordeon-block_932adb17a97d2d2a82999b71371db469\" class=\"accordeon align-center plus\">\n\t<div class=\"title\">\n\t\t<p><strong>Normas EN 1069+A1<br \/>\n<\/strong><\/p>\n\t<\/div>\n\t<div class=\"content\">\n\t\t\n\n<p>La presente norma especifica los requisitos generales de seguridad para los toboganes acu\u00e1ticos en las piscinas de uso p\u00fablico y requisitos espec\u00edficos para tipos definidos de toboganes acu\u00e1ticos. Estos requisitos abordan la seguridad y las normas t\u00e9cnicas de dise\u00f1o, c\u00e1lculo y ensayos.<\/p>\n\n\n\t<\/div>\n<\/div>\n\n\n\n\n<div id=\"accordeon-block_7faf64d46ee54dd1bd989f93f04d34c1\" class=\"accordeon align-center plus\">\n\t<div class=\"title\">\n\t\t<p><strong>Normas EN 13451 Equipamiento para piscinas<br \/>\n<\/strong><\/p>\n\t<\/div>\n\t<div class=\"content\">\n\t\t\n\n<p>Esta norma define los requisitos del equipamiento para piscinas p\u00fablicas y colectivas. La principal modificaci\u00f3n de la norma aborda la resistencia al deslizamiento, con frecuencia incorrectamente designada con el t\u00e9rmino \u00abantideslizante\u00bb.<\/p>\n\n\n\t<\/div>\n<\/div>\n<\/div>\n\n\n\n<div class=\"wp-block-column is-layout-flow wp-block-column-is-layout-flow\">\n\n<div id=\"accordeon-block_e2d119920b4c41aa8d087b0a27d924f1\" class=\"accordeon align-center plus\">\n\t<div class=\"title\">\n\t\t<p><strong>Normas EN 1990 Euroc\u00f3digos estructurales<br \/>\n<\/strong><\/p>\n\t<\/div>\n\t<div class=\"content\">\n\t\t\n\n<p>Define los principios y requisitos en materia de seguridad, aptitud para el servicio y durabilidad de las estructuras, describe las bases para el dimensionamiento y la verificaci\u00f3n de estas, y ofrece directrices relativas a los aspectos de la fiabilidad estructural asociados.<\/p>\n\n\n\t<\/div>\n<\/div>\n\n\n\n\n<div id=\"accordeon-block_573c55f1f790af1e5299c9640f43b0aa\" class=\"accordeon align-center plus\">\n\t<div class=\"title\">\n\t\t<p><strong>Normas NF EN ISO 1461 Recubrimientos galvanizados en caliente sobre productos acabados de hierro y acero<br \/>\n<\/strong><\/p>\n\t<\/div>\n\t<div class=\"content\">\n\t\t\n\n<p>La norma NF EN ISO 1461 (julio de 2009) define las propiedades y caracter\u00edsticas del recubrimiento de galvanizaci\u00f3n por inmersi\u00f3n de productos de hierro y acero (incluidas las piezas moldeadas) en un ba\u00f1o de cinc (que no contiene m\u00e1s de un 2 % de otros metales), con los m\u00e9todos de ensayo que permiten controlar el grosor de cinc por unidad de superficie, el aspecto y la adherencia, y los criterios de conformidad. Asimismo, determina las obligaciones respectivas del cliente y del galvanizador.<\/p>\n\n\n\t<\/div>\n<\/div>\n<\/div>\n<\/div>\n\n\n\n<div style=\"height:50px\" aria-hidden=\"true\" class=\"wp-block-spacer\"><\/div>\n\n\n\n<div class=\"wp-block-columns is-layout-flex wp-container-core-columns-is-layout-9d6595d7 wp-block-columns-is-layout-flex\">\n<div class=\"wp-block-column is-layout-flow wp-block-column-is-layout-flow\">\n<h3 class=\"wp-block-heading has-text-align-left\">Piscina infantil<\/h3>\n\n\n\n\n<div id=\"accordeon-block_6dab48dd1f356a22054cacc0442e1bab\" class=\"accordeon align-center plus\">\n\t<div class=\"title\">\n\t\t<p><strong>NF EN 17232 Equipos y elementos de juegos acu\u00e1ticos<br \/>\n<\/strong><\/p>\n\t<\/div>\n\t<div class=\"content\">\n\t\t\n\n<p>Especifica los requisitos de seguridad, los m\u00e9todos de ensayo y los requisitos de funcionamiento de los equipos, elementos y estructuras de juegos acu\u00e1ticos instalados: previstos para el juego y en zonas previstas para actividades acu\u00e1ticas de uso p\u00fablico (no dom\u00e9stico), generalmente en piscinas y donde el agua forma parte \u00edntegra del uso de los equipos\/elementos\/estructuras de juego. Se aplica tambi\u00e9n a los parques infantiles acu\u00e1ticos.<\/p>\n\n\n\t<\/div>\n<\/div>\n<\/div>\n\n\n\n<div class=\"wp-block-column is-layout-flow wp-block-column-is-layout-flow\">\n<h3 class=\"wp-block-heading has-text-align-left\">Estructuras hinchables<\/h3>\n\n\n\n\n<div id=\"accordeon-block_030897b94afa1cda03bb2deff36ccbe3\" class=\"accordeon align-center plus\">\n\t<div class=\"title\">\n\t\t<p><strong>Normas EN ISO 25649 Art\u00edculos de recreo flotantes para utilizar sobre y en el agua<br \/>\n<\/strong><\/p>\n\t<\/div>\n\t<div class=\"content\">\n\t\t\n\n<p>Especifica los requisitos de seguridad y los m\u00e9todos de ensayo relativos a los materiales, la seguridad y las prestaciones para los art\u00edculos de recreo flotantes clasificados para uso sobre o en el agua.<\/p>\n\n\n\t<\/div>\n<\/div>\n<\/div>\n<\/div>\n\n\n\n<div style=\"height:50px\" aria-hidden=\"true\" class=\"wp-block-spacer\"><\/div>\n\n\n\n<div class=\"wp-block-columns is-layout-flex wp-container-core-columns-is-layout-9d6595d7 wp-block-columns-is-layout-flex\">\n<div class=\"wp-block-column is-layout-flow wp-block-column-is-layout-flow\">\n<h3 class=\"wp-block-heading has-text-align-left\">Multideporte<\/h3>\n\n\n\n\n<div id=\"accordeon-block_686445c378cc4d9d836ffe221ab42b8d\" class=\"accordeon align-center plus\">\n\t<div class=\"title\">\n\t\t<p><strong>Normas NF EN 15312+A1 Equipos deportivos de acceso libre<br \/>\n<\/strong><\/p>\n\t<\/div>\n\t<div class=\"content\">\n\t\t\n\n<p>La presente norma europea se aplica a los equipos deportivos de acceso libre destinados a instalarse de forma permanente (y no temporal), que incluyen, de forma general pero no exclusiva, equipos para deportes como el b\u00e1dminton, baloncesto, f\u00fatbol, balonmano, hockey, tenis de mesa, tenis y v\u00f3leibol. La presente norma europea especifica los requisitos, incluidos los de seguridad, para los propios equipos, su instalaci\u00f3n, su control y su mantenimiento. Se aplica a los equipos deportivos de acceso libre destinados a uso p\u00fablico, individual y colectivo, principalmente por parte de ni\u00f1os (de m\u00e1s de 36 meses) y adolescentes.<\/p>\n\n\n\t<\/div>\n<\/div>\n<\/div>\n\n\n\n<div class=\"wp-block-column is-layout-flow wp-block-column-is-layout-flow\">\n<h3 class=\"wp-block-heading has-text-align-left\">Parques infantiles y juegos de interior<\/h3>\n\n\n\n\n<div id=\"accordeon-block_bd7e1eb6fd7f38f7a1180b329d14544b\" class=\"accordeon align-center plus\">\n\t<div class=\"title\">\n\t\t<p><strong>Norma EN 1176 Equipamiento de las \u00e1reas de juego y superficies<br \/>\n<\/strong><\/p>\n\t<\/div>\n\t<div class=\"content\">\n\t\t\n\n<p>Los equipos oscilantes deben estar dotados de amortiguadores o presentar un espacio libre al suelo superior a 23 cm. Para evitar riesgos de atrapamiento del pie del usuario bajo el equipo, si el espacio libre al suelo es inferior a 23 cm, el equipo deber\u00e1 dotarse de reposapi\u00e9s fijos.<\/p>\n\n\n\t<\/div>\n<\/div>\n<\/div>\n<\/div>\n<\/div><\/div>\n","protected":false},"excerpt":{"rendered":"<p>Edsun es el principal fabricante franc\u00e9s de equipamiento de zonas l\u00fadicas acu\u00e1ticas y al aire libre para campings, parques de ocio y comunidades. Con sede en Francia y en Espa\u00f1a, dise\u00f1amos proyectos a medida. Nuestro objetivo es satisfacer todos tus requisitos: perfil de usuarios, presupuestos, superficies disponibles&#8230; EDSUN ofrece soluciones completas para transformar tu piscina [&hellip;]<\/p>\n","protected":false},"author":1,"featured_media":0,"parent":0,"menu_order":0,"comment_status":"closed","ping_status":"closed","template":"","meta":{"_acf_changed":false,"inline_featured_image":false,"footnotes":""},"class_list":["post-1738","page","type-page","status-publish","hentry"],"acf":[],"yoast_head":"<!-- This site is optimized with the Yoast SEO plugin v27.0 - https:\/\/yoast.com\/product\/yoast-seo-wordpress\/ -->\n<title>Nuestra experiencia - Edsun : sp\u00e9cialiste toboggans<\/title>\n<meta name=\"description\" content=\"Edsun es el principal fabricante franc\u00e9s de equipamiento de zonas l\u00fadicas acu\u00e1ticas y al aire libre para campings, parques de ocio y comunidades. Con sede\" \/>\n<meta name=\"robots\" content=\"index, follow, max-snippet:-1, max-image-preview:large, max-video-preview:-1\" \/>\n<link rel=\"canonical\" href=\"https:\/\/edsunloisirs.com\/es\/edsun-expertos-en-diversion-desde-hace-mas-de-30-anos\/\" \/>\n<meta property=\"og:locale\" content=\"es_ES\" \/>\n<meta property=\"og:type\" content=\"article\" \/>\n<meta property=\"og:title\" content=\"Nuestra experiencia - Edsun : sp\u00e9cialiste toboggans\" \/>\n<meta property=\"og:description\" content=\"Edsun es el principal fabricante franc\u00e9s de equipamiento de zonas l\u00fadicas acu\u00e1ticas y al aire libre para campings, parques de ocio y comunidades. Con sede\" \/>\n<meta property=\"og:url\" content=\"https:\/\/edsunloisirs.com\/es\/edsun-expertos-en-diversion-desde-hace-mas-de-30-anos\/\" \/>\n<meta property=\"og:site_name\" content=\"Edsun : sp\u00e9cialiste toboggans\" \/>\n<meta property=\"article:publisher\" content=\"https:\/\/www.facebook.com\/edsunloisirs\/about\/?ref=page_internal\" \/>\n<meta property=\"article:modified_time\" content=\"2026-01-22T16:30:17+00:00\" \/>\n<meta property=\"og:image\" content=\"https:\/\/edsunloisirs.com\/wp-content\/uploads\/vision_polin_turkey.jpg\" \/>\n\t<meta property=\"og:image:width\" content=\"1030\" \/>\n\t<meta property=\"og:image:height\" content=\"778\" \/>\n\t<meta property=\"og:image:type\" content=\"image\/jpeg\" \/>\n<meta name=\"twitter:card\" content=\"summary_large_image\" \/>\n<meta name=\"twitter:label1\" content=\"Tiempo de lectura\" \/>\n\t<meta name=\"twitter:data1\" content=\"5 minutos\" \/>\n<script type=\"application\/ld+json\" class=\"yoast-schema-graph\">{\"@context\":\"https:\/\/schema.org\",\"@graph\":[{\"@type\":\"WebPage\",\"@id\":\"https:\/\/edsunloisirs.com\/es\/edsun-expertos-en-diversion-desde-hace-mas-de-30-anos\/\",\"url\":\"https:\/\/edsunloisirs.com\/es\/edsun-expertos-en-diversion-desde-hace-mas-de-30-anos\/\",\"name\":\"Nuestra experiencia - Edsun : sp\u00e9cialiste toboggans\",\"isPartOf\":{\"@id\":\"https:\/\/edsunloisirs.com\/es\/#website\"},\"primaryImageOfPage\":{\"@id\":\"https:\/\/edsunloisirs.com\/es\/edsun-expertos-en-diversion-desde-hace-mas-de-30-anos\/#primaryimage\"},\"image\":{\"@id\":\"https:\/\/edsunloisirs.com\/es\/edsun-expertos-en-diversion-desde-hace-mas-de-30-anos\/#primaryimage\"},\"thumbnailUrl\":\"https:\/\/edsunloisirs.com\/wp-content\/uploads\/vision_polin_turkey.jpg\",\"datePublished\":\"2021-12-10T16:29:45+00:00\",\"dateModified\":\"2026-01-22T16:30:17+00:00\",\"description\":\"Edsun es el principal fabricante franc\u00e9s de equipamiento de zonas l\u00fadicas acu\u00e1ticas y al aire libre para campings, parques de ocio y comunidades. Con sede\",\"breadcrumb\":{\"@id\":\"https:\/\/edsunloisirs.com\/es\/edsun-expertos-en-diversion-desde-hace-mas-de-30-anos\/#breadcrumb\"},\"inLanguage\":\"es\",\"potentialAction\":[{\"@type\":\"ReadAction\",\"target\":[\"https:\/\/edsunloisirs.com\/es\/edsun-expertos-en-diversion-desde-hace-mas-de-30-anos\/\"]}]},{\"@type\":\"ImageObject\",\"inLanguage\":\"es\",\"@id\":\"https:\/\/edsunloisirs.com\/es\/edsun-expertos-en-diversion-desde-hace-mas-de-30-anos\/#primaryimage\",\"url\":\"https:\/\/edsunloisirs.com\/wp-content\/uploads\/vision_polin_turkey.jpg\",\"contentUrl\":\"https:\/\/edsunloisirs.com\/wp-content\/uploads\/vision_polin_turkey.jpg\"},{\"@type\":\"BreadcrumbList\",\"@id\":\"https:\/\/edsunloisirs.com\/es\/edsun-expertos-en-diversion-desde-hace-mas-de-30-anos\/#breadcrumb\",\"itemListElement\":[{\"@type\":\"ListItem\",\"position\":1,\"name\":\"Inicio\",\"item\":\"https:\/\/edsunloisirs.com\/es\/\"},{\"@type\":\"ListItem\",\"position\":2,\"name\":\"Nuestra experiencia\"}]},{\"@type\":\"WebSite\",\"@id\":\"https:\/\/edsunloisirs.com\/es\/#website\",\"url\":\"https:\/\/edsunloisirs.com\/es\/\",\"name\":\"Edsun : sp\u00e9cialiste toboggans\",\"description\":\"have fun\",\"publisher\":{\"@id\":\"https:\/\/edsunloisirs.com\/es\/#organization\"},\"potentialAction\":[{\"@type\":\"SearchAction\",\"target\":{\"@type\":\"EntryPoint\",\"urlTemplate\":\"https:\/\/edsunloisirs.com\/es\/?s={search_term_string}\"},\"query-input\":{\"@type\":\"PropertyValueSpecification\",\"valueRequired\":true,\"valueName\":\"search_term_string\"}}],\"inLanguage\":\"es\"},{\"@type\":\"Organization\",\"@id\":\"https:\/\/edsunloisirs.com\/es\/#organization\",\"name\":\"Edsun\",\"url\":\"https:\/\/edsunloisirs.com\/es\/\",\"logo\":{\"@type\":\"ImageObject\",\"inLanguage\":\"es\",\"@id\":\"https:\/\/edsunloisirs.com\/es\/#\/schema\/logo\/image\/\",\"url\":\"https:\/\/edsunloisirs.com\/wp-content\/uploads\/edsun_blue.svg\",\"contentUrl\":\"https:\/\/edsunloisirs.com\/wp-content\/uploads\/edsun_blue.svg\",\"width\":185,\"height\":42,\"caption\":\"Edsun\"},\"image\":{\"@id\":\"https:\/\/edsunloisirs.com\/es\/#\/schema\/logo\/image\/\"},\"sameAs\":[\"https:\/\/www.facebook.com\/edsunloisirs\/about\/?ref=page_internal\",\"https:\/\/www.instagram.com\/edsunloisirs\/\",\"https:\/\/www.linkedin.com\/company\/edsun-loisirs\"]}]}<\/script>\n<!-- \/ Yoast SEO plugin. -->","yoast_head_json":{"title":"Nuestra experiencia - Edsun : sp\u00e9cialiste toboggans","description":"Edsun es el principal fabricante franc\u00e9s de equipamiento de zonas l\u00fadicas acu\u00e1ticas y al aire libre para campings, parques de ocio y comunidades. Con sede","robots":{"index":"index","follow":"follow","max-snippet":"max-snippet:-1","max-image-preview":"max-image-preview:large","max-video-preview":"max-video-preview:-1"},"canonical":"https:\/\/edsunloisirs.com\/es\/edsun-expertos-en-diversion-desde-hace-mas-de-30-anos\/","og_locale":"es_ES","og_type":"article","og_title":"Nuestra experiencia - Edsun : sp\u00e9cialiste toboggans","og_description":"Edsun es el principal fabricante franc\u00e9s de equipamiento de zonas l\u00fadicas acu\u00e1ticas y al aire libre para campings, parques de ocio y comunidades. Con sede","og_url":"https:\/\/edsunloisirs.com\/es\/edsun-expertos-en-diversion-desde-hace-mas-de-30-anos\/","og_site_name":"Edsun : sp\u00e9cialiste toboggans","article_publisher":"https:\/\/www.facebook.com\/edsunloisirs\/about\/?ref=page_internal","article_modified_time":"2026-01-22T16:30:17+00:00","og_image":[{"width":1030,"height":778,"url":"https:\/\/edsunloisirs.com\/wp-content\/uploads\/vision_polin_turkey.jpg","type":"image\/jpeg"}],"twitter_card":"summary_large_image","twitter_misc":{"Tiempo de lectura":"5 minutos"},"schema":{"@context":"https:\/\/schema.org","@graph":[{"@type":"WebPage","@id":"https:\/\/edsunloisirs.com\/es\/edsun-expertos-en-diversion-desde-hace-mas-de-30-anos\/","url":"https:\/\/edsunloisirs.com\/es\/edsun-expertos-en-diversion-desde-hace-mas-de-30-anos\/","name":"Nuestra experiencia - Edsun : sp\u00e9cialiste toboggans","isPartOf":{"@id":"https:\/\/edsunloisirs.com\/es\/#website"},"primaryImageOfPage":{"@id":"https:\/\/edsunloisirs.com\/es\/edsun-expertos-en-diversion-desde-hace-mas-de-30-anos\/#primaryimage"},"image":{"@id":"https:\/\/edsunloisirs.com\/es\/edsun-expertos-en-diversion-desde-hace-mas-de-30-anos\/#primaryimage"},"thumbnailUrl":"https:\/\/edsunloisirs.com\/wp-content\/uploads\/vision_polin_turkey.jpg","datePublished":"2021-12-10T16:29:45+00:00","dateModified":"2026-01-22T16:30:17+00:00","description":"Edsun es el principal fabricante franc\u00e9s de equipamiento de zonas l\u00fadicas acu\u00e1ticas y al aire libre para campings, parques de ocio y comunidades. Con sede","breadcrumb":{"@id":"https:\/\/edsunloisirs.com\/es\/edsun-expertos-en-diversion-desde-hace-mas-de-30-anos\/#breadcrumb"},"inLanguage":"es","potentialAction":[{"@type":"ReadAction","target":["https:\/\/edsunloisirs.com\/es\/edsun-expertos-en-diversion-desde-hace-mas-de-30-anos\/"]}]},{"@type":"ImageObject","inLanguage":"es","@id":"https:\/\/edsunloisirs.com\/es\/edsun-expertos-en-diversion-desde-hace-mas-de-30-anos\/#primaryimage","url":"https:\/\/edsunloisirs.com\/wp-content\/uploads\/vision_polin_turkey.jpg","contentUrl":"https:\/\/edsunloisirs.com\/wp-content\/uploads\/vision_polin_turkey.jpg"},{"@type":"BreadcrumbList","@id":"https:\/\/edsunloisirs.com\/es\/edsun-expertos-en-diversion-desde-hace-mas-de-30-anos\/#breadcrumb","itemListElement":[{"@type":"ListItem","position":1,"name":"Inicio","item":"https:\/\/edsunloisirs.com\/es\/"},{"@type":"ListItem","position":2,"name":"Nuestra experiencia"}]},{"@type":"WebSite","@id":"https:\/\/edsunloisirs.com\/es\/#website","url":"https:\/\/edsunloisirs.com\/es\/","name":"Edsun : sp\u00e9cialiste toboggans","description":"have fun","publisher":{"@id":"https:\/\/edsunloisirs.com\/es\/#organization"},"potentialAction":[{"@type":"SearchAction","target":{"@type":"EntryPoint","urlTemplate":"https:\/\/edsunloisirs.com\/es\/?s={search_term_string}"},"query-input":{"@type":"PropertyValueSpecification","valueRequired":true,"valueName":"search_term_string"}}],"inLanguage":"es"},{"@type":"Organization","@id":"https:\/\/edsunloisirs.com\/es\/#organization","name":"Edsun","url":"https:\/\/edsunloisirs.com\/es\/","logo":{"@type":"ImageObject","inLanguage":"es","@id":"https:\/\/edsunloisirs.com\/es\/#\/schema\/logo\/image\/","url":"https:\/\/edsunloisirs.com\/wp-content\/uploads\/edsun_blue.svg","contentUrl":"https:\/\/edsunloisirs.com\/wp-content\/uploads\/edsun_blue.svg","width":185,"height":42,"caption":"Edsun"},"image":{"@id":"https:\/\/edsunloisirs.com\/es\/#\/schema\/logo\/image\/"},"sameAs":["https:\/\/www.facebook.com\/edsunloisirs\/about\/?ref=page_internal","https:\/\/www.instagram.com\/edsunloisirs\/","https:\/\/www.linkedin.com\/company\/edsun-loisirs"]}]}},"_links":{"self":[{"href":"https:\/\/edsunloisirs.com\/es\/wp-json\/wp\/v2\/pages\/1738","targetHints":{"allow":["GET"]}}],"collection":[{"href":"https:\/\/edsunloisirs.com\/es\/wp-json\/wp\/v2\/pages"}],"about":[{"href":"https:\/\/edsunloisirs.com\/es\/wp-json\/wp\/v2\/types\/page"}],"author":[{"embeddable":true,"href":"https:\/\/edsunloisirs.com\/es\/wp-json\/wp\/v2\/users\/1"}],"replies":[{"embeddable":true,"href":"https:\/\/edsunloisirs.com\/es\/wp-json\/wp\/v2\/comments?post=1738"}],"version-history":[{"count":6,"href":"https:\/\/edsunloisirs.com\/es\/wp-json\/wp\/v2\/pages\/1738\/revisions"}],"predecessor-version":[{"id":8348,"href":"https:\/\/edsunloisirs.com\/es\/wp-json\/wp\/v2\/pages\/1738\/revisions\/8348"}],"wp:attachment":[{"href":"https:\/\/edsunloisirs.com\/es\/wp-json\/wp\/v2\/media?parent=1738"}],"curies":[{"name":"wp","href":"https:\/\/api.w.org\/{rel}","templated":true}]}}